{"id":936,"date":"2022-10-24T08:41:21","date_gmt":"2022-10-24T08:41:21","guid":{"rendered":"http:\/\/www.expertoseconomia.org\/es\/?page_id=936"},"modified":"2024-01-03T13:27:09","modified_gmt":"2024-01-03T13:27:09","slug":"eeee-2023","status":"publish","type":"page","link":"https:\/\/www.expertoseconomia.org\/es\/eeee-2023\/","title":{"rendered":"2023"},"content":{"rendered":"<h1><span style=\"color: #000000;\"><strong>Evoluci\u00f3n de pron\u00f3sticos para el a\u00f1o 2023<br \/>\n<\/strong><\/span><\/h1>\n<p>Esta p\u00e1gina presenta los pron\u00f3sticos de consenso en cada uno de los meses en los que se realiz\u00f3 la encuesta de expertos para las variables y periodos de inter\u00e9s.<\/p>\n<p>&nbsp;<\/p>\n<p><iframe title=\"Tasa de crecimiento del PIB, 2023\" aria-label=\"Dot Plot\" id=\"datawrapper-chart-ba8RW\" src=\"https:\/\/datawrapper.dwcdn.net\/ba8RW\/1\/\" scrolling=\"no\" frameborder=\"0\" style=\"width: 0; min-width: 100% !important; border: none;\" height=\"208\"><\/iframe><script type=\"text\/javascript\">!function(){\"use strict\";window.addEventListener(\"message\",(function(e){if(void 0!==e.data[\"datawrapper-height\"]){var t=document.querySelectorAll(\"iframe\");for(var a in e.data[\"datawrapper-height\"])for(var r=0;r<t.length;r++){if(t[r].contentWindow===e.source)t[r].style.height=e.data[\"datawrapper-height\"][a]+\"px\"}}}))}();\n<\/script><\/p>\n<p><iframe title=\"Tasa de empleo adecuado, 2023\" aria-label=\"Dot Plot\" id=\"datawrapper-chart-8A3DV\" src=\"https:\/\/datawrapper.dwcdn.net\/8A3DV\/3\/\" scrolling=\"no\" frameborder=\"0\" style=\"width: 0; min-width: 100% !important; border: none;\" height=\"191\"><\/iframe><script type=\"text\/javascript\">!function(){\"use strict\";window.addEventListener(\"message\",(function(e){if(void 0!==e.data[\"datawrapper-height\"]){var t=document.querySelectorAll(\"iframe\");for(var a in e.data[\"datawrapper-height\"])for(var r=0;r<t.length;r++){if(t[r].contentWindow===e.source)t[r].style.height=e.data[\"datawrapper-height\"][a]+\"px\"}}}))}();\n<\/script><\/p>\n<p><iframe title=\"Tasa de desempleo, 2023\" aria-label=\"Dot Plot\" id=\"datawrapper-chart-YXR2W\" src=\"https:\/\/datawrapper.dwcdn.net\/YXR2W\/1\/\" scrolling=\"no\" frameborder=\"0\" style=\"width: 0; min-width: 100% !important; border: none;\" height=\"174\"><\/iframe><script type=\"text\/javascript\">!function(){\"use strict\";window.addEventListener(\"message\",(function(e){if(void 0!==e.data[\"datawrapper-height\"]){var t=document.querySelectorAll(\"iframe\");for(var a in e.data[\"datawrapper-height\"])for(var r=0;r<t.length;r++){if(t[r].contentWindow===e.source)t[r].style.height=e.data[\"datawrapper-height\"][a]+\"px\"}}}))}();\n<\/script><\/p>\n<p><iframe title=\"Tasa de inflaci\u00f3n, 2023\" aria-label=\"Dot Plot\" id=\"datawrapper-chart-uqvLH\" src=\"https:\/\/datawrapper.dwcdn.net\/uqvLH\/1\/\" scrolling=\"no\" frameborder=\"0\" style=\"width: 0; min-width: 100% !important; border: none;\" height=\"208\"><\/iframe><script type=\"text\/javascript\">!function(){\"use strict\";window.addEventListener(\"message\",(function(e){if(void 0!==e.data[\"datawrapper-height\"]){var t=document.querySelectorAll(\"iframe\");for(var a in e.data[\"datawrapper-height\"])for(var r=0;r<t.length;r++){if(t[r].contentWindow===e.source)t[r].style.height=e.data[\"datawrapper-height\"][a]+\"px\"}}}))}();\n<\/script><\/p>\n<p><iframe title=\"Precio del Petr\u00f3leo, 2023\" aria-label=\"Gr\u00e1fico de columnas\" id=\"datawrapper-chart-iN3Yl\" src=\"https:\/\/datawrapper.dwcdn.net\/iN3Yl\/2\/\" scrolling=\"no\" frameborder=\"0\" style=\"width: 0; min-width: 100% !important; border: none;\" height=\"300\"><\/iframe><script type=\"text\/javascript\">!function(){\"use strict\";window.addEventListener(\"message\",(function(e){if(void 0!==e.data[\"datawrapper-height\"]){var t=document.querySelectorAll(\"iframe\");for(var a in e.data[\"datawrapper-height\"])for(var r=0;r<t.length;r++){if(t[r].contentWindow===e.source)t[r].style.height=e.data[\"datawrapper-height\"][a]+\"px\"}}}))}();\n<\/script><\/p>\n<p><iframe title=\"D\u00e9ficit Fiscal, 2023\" aria-label=\"Gr\u00e1fico de columnas\" id=\"datawrapper-chart-5ZmFJ\" src=\"https:\/\/datawrapper.dwcdn.net\/5ZmFJ\/1\/\" scrolling=\"no\" frameborder=\"0\" style=\"width: 0; min-width: 100% !important; border: none;\" height=\"300\"><\/iframe><script type=\"text\/javascript\">!function(){\"use strict\";window.addEventListener(\"message\",(function(e){if(void 0!==e.data[\"datawrapper-height\"]){var t=document.querySelectorAll(\"iframe\");for(var a in e.data[\"datawrapper-height\"])for(var r=0;r<t.length;r++){if(t[r].contentWindow===e.source)t[r].style.height=e.data[\"datawrapper-height\"][a]+\"px\"}}}))}();\n<\/script><\/p>\n<p><iframe title=\"Riesgo Pa\u00eds, 2023\" aria-label=\"Gr\u00e1fico de columnas\" id=\"datawrapper-chart-gwMuH\" src=\"https:\/\/datawrapper.dwcdn.net\/gwMuH\/2\/\" scrolling=\"no\" frameborder=\"0\" style=\"width: 0; min-width: 100% !important; border: none;\" height=\"300\"><\/iframe><script type=\"text\/javascript\">!function(){\"use strict\";window.addEventListener(\"message\",(function(e){if(void 0!==e.data[\"datawrapper-height\"]){var t=document.querySelectorAll(\"iframe\");for(var a in e.data[\"datawrapper-height\"])for(var r=0;r<t.length;r++){if(t[r].contentWindow===e.source)t[r].style.height=e.data[\"datawrapper-height\"][a]+\"px\"}}}))}();\n<\/script><\/script><\/p>\n","protected":false},"excerpt":{"rendered":"<p>Evoluci\u00f3n de pron\u00f3sticos para el a\u00f1o 2023 Esta p\u00e1gina presenta los pron\u00f3sticos de consenso en cada uno de los meses en los que se realiz\u00f3 la encuesta de expertos para las variables y periodos de inter\u00e9s. &nbsp;<\/p>\n","protected":false},"author":1,"featured_media":0,"parent":0,"menu_order":0,"comment_status":"closed","ping_status":"closed","template":"","meta":{"footnotes":""},"_links":{"self":[{"href":"https:\/\/www.expertoseconomia.org\/es\/wp-json\/wp\/v2\/pages\/936"}],"collection":[{"href":"https:\/\/www.expertoseconomia.org\/es\/wp-json\/wp\/v2\/pages"}],"about":[{"href":"https:\/\/www.expertoseconomia.org\/es\/wp-json\/wp\/v2\/types\/page"}],"author":[{"embeddable":true,"href":"https:\/\/www.expertoseconomia.org\/es\/wp-json\/wp\/v2\/users\/1"}],"replies":[{"embeddable":true,"href":"https:\/\/www.expertoseconomia.org\/es\/wp-json\/wp\/v2\/comments?post=936"}],"version-history":[{"count":15,"href":"https:\/\/www.expertoseconomia.org\/es\/wp-json\/wp\/v2\/pages\/936\/revisions"}],"predecessor-version":[{"id":1163,"href":"https:\/\/www.expertoseconomia.org\/es\/wp-json\/wp\/v2\/pages\/936\/revisions\/1163"}],"wp:attachment":[{"href":"https:\/\/www.expertoseconomia.org\/es\/wp-json\/wp\/v2\/media?parent=936"}],"curies":[{"name":"wp","href":"https:\/\/api.w.org\/{rel}","templated":true}]}}