{"id":811,"date":"2021-12-13T21:00:58","date_gmt":"2021-12-13T21:00:58","guid":{"rendered":"http:\/\/www.expertoseconomia.org\/es\/?page_id=811"},"modified":"2021-12-13T21:23:31","modified_gmt":"2021-12-13T21:23:31","slug":"definiciones","status":"publish","type":"page","link":"https:\/\/www.expertoseconomia.org\/es\/definiciones\/","title":{"rendered":"Definiciones"},"content":{"rendered":"<p><strong>Precio del Petr\u00f3leo<\/strong><\/p>\n<p>\u00abSeg\u00fan el EIA, el <b>West Texas Intermediate<\/b> (WTI) es una corriente de crudo producido en Texas y el sur de Oklahoma y es utilizado como punto de referencia en la fijaci\u00f3n de precios del petr\u00f3leo\u00bb. Fuente: <a href=\"https:\/\/es.wikipedia.org\/wiki\/West_Texas_Intermediate\">Wikipedia<\/a><\/p>\n<p><a href=\"https:\/\/yhoo.it\/3gr1UX3\">Informaci\u00f3n actual del precio del barril de petr\u00f3leo\u00a0 (Yahoo)<\/a>.<br \/>\n<a href=\"https:\/\/bit.ly\/2DncSO2\">Informaci\u00f3n hist\u00f3rica del precio del barril de petr\u00f3leo (Banco Central del Ecuador)<\/a>.<\/p>\n<p>&nbsp;<\/p>\n<p><strong>Riesgo Pa\u00eds<\/strong><\/p>\n<p>\u00abEl <strong>EMBI<\/strong> es el principal indicador de riesgo pa\u00eds y est\u00e1 calculado por JP Morgan Chase.\u200b Es la diferencia de tasa de inter\u00e9s que pagan los bonos denominados en d\u00f3lares, emitidos por pa\u00edses subdesarrollados, y los Bonos del Tesoro de Estados Unidos, que se consideran \u00ablibres\u00bb de riesgo.\u00bb\u00a0\u00a0Fuente: <a href=\"https:\/\/es.wikipedia.org\/wiki\/EMBI\">Wikipedia<\/a>.\u00a0 \u00a0 \u00abJ.P. Morgan has consistently pioneered investor interest in Emerging Markets investments through the research and development of leading indices. The J.P. Morgan Emerging Market Bond Index (EMBI) was formed in the early 1990s after the issuance of the first Brady bond and has become the most widely published and referenced index of its kind. More recently, J.P. Morgan led investors towards higher yielding local rates by launching the Government Bond Index-Emerging Markets (GBI-EM) series and the Corporate Emerging Markets Bond Index (CEMBI) series, both of which have become the new standard for local market and corporate EM benchmarks, respectively. Additionally, region specific coverage exists through the J.P. Morgan Asia Credit Index (JACI), the Russia Bond Index (RUBI), and the Latin America Eurobond Index (LEI).\u00bb\u00a0 Fuente:\u00a0 <a href=\"https:\/\/www.jpmorgan.com\/insights\/research\/indices\/product\">JPMorgan<\/a><\/p>\n<p><a href=\"https:\/\/bit.ly\/2XGgIIw\">Informaci\u00f3n hist\u00f3rica del riesgo pa\u00eds (Banco Central del Ecuador)<\/a><\/p>\n","protected":false},"excerpt":{"rendered":"<p>Precio del Petr\u00f3leo \u00abSeg\u00fan el EIA, el West Texas Intermediate (WTI) es una corriente de crudo producido en Texas y el sur de Oklahoma y es utilizado como punto de referencia en la fijaci\u00f3n de precios del petr\u00f3leo\u00bb. Fuente: Wikipedia Informaci\u00f3n actual del precio del barril de petr\u00f3leo\u00a0 (Yahoo). Informaci\u00f3n hist\u00f3rica del precio del barril &hellip; <\/p>\n<p class=\"link-more\"><a href=\"https:\/\/www.expertoseconomia.org\/es\/definiciones\/\" class=\"more-link\">Continuar leyendo<span class=\"screen-reader-text\"> \u00abDefiniciones\u00bb<\/span><\/a><\/p>\n","protected":false},"author":1,"featured_media":0,"parent":0,"menu_order":0,"comment_status":"closed","ping_status":"closed","template":"","meta":{"footnotes":""},"_links":{"self":[{"href":"https:\/\/www.expertoseconomia.org\/es\/wp-json\/wp\/v2\/pages\/811"}],"collection":[{"href":"https:\/\/www.expertoseconomia.org\/es\/wp-json\/wp\/v2\/pages"}],"about":[{"href":"https:\/\/www.expertoseconomia.org\/es\/wp-json\/wp\/v2\/types\/page"}],"author":[{"embeddable":true,"href":"https:\/\/www.expertoseconomia.org\/es\/wp-json\/wp\/v2\/users\/1"}],"replies":[{"embeddable":true,"href":"https:\/\/www.expertoseconomia.org\/es\/wp-json\/wp\/v2\/comments?post=811"}],"version-history":[{"count":17,"href":"https:\/\/www.expertoseconomia.org\/es\/wp-json\/wp\/v2\/pages\/811\/revisions"}],"predecessor-version":[{"id":829,"href":"https:\/\/www.expertoseconomia.org\/es\/wp-json\/wp\/v2\/pages\/811\/revisions\/829"}],"wp:attachment":[{"href":"https:\/\/www.expertoseconomia.org\/es\/wp-json\/wp\/v2\/media?parent=811"}],"curies":[{"name":"wp","href":"https:\/\/api.w.org\/{rel}","templated":true}]}}