{"id":492,"date":"2021-02-01T16:58:17","date_gmt":"2021-02-01T16:58:17","guid":{"rendered":"http:\/\/www.expertoseconomia.org\/es\/?page_id=492"},"modified":"2023-11-07T22:34:05","modified_gmt":"2023-11-07T22:34:05","slug":"prensa","status":"publish","type":"page","link":"https:\/\/www.expertoseconomia.org\/es\/prensa\/","title":{"rendered":"Prensa"},"content":{"rendered":"<p><strong>Bloomberg (2023)<\/strong>,\u00a0 Ecuador crecer\u00eda 1,1% en 2023, seg\u00fan encuesta de expertos (Sebasti\u00e1n Osorio)\u00a0 [<a href=\"https:\/\/www.bloomberglinea.com\/latinoamerica\/ecuador\/economia-de-ecuador-creceria-11-en-2023-segun-encuesta\/\">Enlace<\/a>].<\/p>\n<p><strong>Garc\u00eda, F. (2022),<\/strong> Surfeando la ola inflacionaria y cu\u00e1ndo lanzar un salvavidas, Primicias, [<a href=\"https:\/\/www.primicias.ec\/noticias\/firmas\/surfeando-ola-inflacionaria-ecuador-precios\/\">Enlace<\/a>].<\/p>\n<p><strong>Garc\u00eda, F. (2021),<\/strong> \u00bfHay brisas de recuperaci\u00f3n? La reactivaci\u00f3n parece comenzar, Primicias, [<a href=\"https:\/\/www.primicias.ec\/noticias\/firmas\/recuperacion-economia-crecimiento-expectativas-ecuador\/\">Enlace<\/a>].<\/p>\n<p><strong>Revista Gesti\u00f3n, (2021),<\/strong> Si todo sale bien, la econom\u00eda ecuatoriana podr\u00eda mejorar m\u00e1s de lo previsto, Consultora Multiplica, [<a href=\"https:\/\/bit.ly\/3hOAKM9\">Enlace<\/a>].<\/p>\n<p><strong>Guerr\u00f3n-Quintana, P.A.\u00a0 (2021),<\/strong> Algunos aspectos econ\u00f3micos de Ecuador post Covid-19, Bolet\u00edn de Pol\u00edtica Macroecon\u00f3mica, Comercial y Social, No. 12,\u00a0 Cuarto Trimestre-2020, Centro de Investigaciones Econ\u00f3micas de la ESPOL, pp. 22-26, [<a href=\"http:\/\/www.ciec.espol.edu.ec\/sites\/default\/files\/BPE_12_V3.pdf?fbclid=IwAR1ECzZqvdMLrHums8iK1D62eqr9nioRKH3K_C6dsVknmudspjdgzOjoPEE\">Enlace<\/a>].<\/p>\n<p><strong>Castillo, J.G. (2021),<\/strong> Seguimiento de los principales indicadores de la econom\u00eda, Bolet\u00edn de Pol\u00edtica Macroecon\u00f3mica, Comercial y Social, No. 12, Cuarto Trimestre-2020, Centro de Investigaciones Econ\u00f3micas de la ESPOL, pp. 7-10, [<a href=\"http:\/\/www.ciec.espol.edu.ec\/sites\/default\/files\/BPE_12_V3.pdf?fbclid=IwAR1ECzZqvdMLrHums8iK1D62eqr9nioRKH3K_C6dsVknmudspjdgzOjoPEE\">Enlace<\/a>].<\/p>\n","protected":false},"excerpt":{"rendered":"<p>Bloomberg (2023),\u00a0 Ecuador crecer\u00eda 1,1% en 2023, seg\u00fan encuesta de expertos (Sebasti\u00e1n Osorio)\u00a0 [Enlace]. Garc\u00eda, F. (2022), Surfeando la ola inflacionaria y cu\u00e1ndo lanzar un salvavidas, Primicias, [Enlace]. Garc\u00eda, F. (2021), \u00bfHay brisas de recuperaci\u00f3n? La reactivaci\u00f3n parece comenzar, Primicias, [Enlace]. Revista Gesti\u00f3n, (2021), Si todo sale bien, la econom\u00eda ecuatoriana podr\u00eda mejorar m\u00e1s de &hellip; <\/p>\n<p class=\"link-more\"><a href=\"https:\/\/www.expertoseconomia.org\/es\/prensa\/\" class=\"more-link\">Continuar leyendo<span class=\"screen-reader-text\"> \u00abPrensa\u00bb<\/span><\/a><\/p>\n","protected":false},"author":1,"featured_media":0,"parent":0,"menu_order":0,"comment_status":"closed","ping_status":"closed","template":"","meta":{"footnotes":""},"_links":{"self":[{"href":"https:\/\/www.expertoseconomia.org\/es\/wp-json\/wp\/v2\/pages\/492"}],"collection":[{"href":"https:\/\/www.expertoseconomia.org\/es\/wp-json\/wp\/v2\/pages"}],"about":[{"href":"https:\/\/www.expertoseconomia.org\/es\/wp-json\/wp\/v2\/types\/page"}],"author":[{"embeddable":true,"href":"https:\/\/www.expertoseconomia.org\/es\/wp-json\/wp\/v2\/users\/1"}],"replies":[{"embeddable":true,"href":"https:\/\/www.expertoseconomia.org\/es\/wp-json\/wp\/v2\/comments?post=492"}],"version-history":[{"count":20,"href":"https:\/\/www.expertoseconomia.org\/es\/wp-json\/wp\/v2\/pages\/492\/revisions"}],"predecessor-version":[{"id":1077,"href":"https:\/\/www.expertoseconomia.org\/es\/wp-json\/wp\/v2\/pages\/492\/revisions\/1077"}],"wp:attachment":[{"href":"https:\/\/www.expertoseconomia.org\/es\/wp-json\/wp\/v2\/media?parent=492"}],"curies":[{"name":"wp","href":"https:\/\/api.w.org\/{rel}","templated":true}]}}