{"id":374,"date":"2020-10-16T12:16:00","date_gmt":"2020-10-16T12:16:00","guid":{"rendered":"http:\/\/www.expertoseconomia.org\/es\/?page_id=374"},"modified":"2022-09-26T16:06:10","modified_gmt":"2022-09-26T16:06:10","slug":"eeee-2021","status":"publish","type":"page","link":"https:\/\/www.expertoseconomia.org\/es\/eeee-2021\/","title":{"rendered":"2021"},"content":{"rendered":"<h1><span style=\"color: #000000;\"><strong>Evoluci\u00f3n de pron\u00f3sticos para el a\u00f1o 2021<br \/>\n<\/strong><\/span><\/h1>\n<p>Esta p\u00e1gina presenta los pron\u00f3sticos de consenso en cada uno de los meses en los que se realiz\u00f3 la encuesta de expertos para las variables y periodos de inter\u00e9s.<\/p>\n<p>&nbsp;<\/p>\n<p><iframe title=\"Tasa de crecimiento del PIB, 2021\" aria-label=\"Dot Plot\" id=\"datawrapper-chart-V7vqh\" src=\"https:\/\/datawrapper.dwcdn.net\/V7vqh\/26\/\" scrolling=\"no\" frameborder=\"0\" style=\"width: 0; min-width: 100% !important; border: none;\" height=\"451\"><\/iframe><script type=\"text\/javascript\">!function(){\"use strict\";window.addEventListener(\"message\",(function(e){if(void 0!==e.data[\"datawrapper-height\"]){var t=document.querySelectorAll(\"iframe\");for(var a in e.data[\"datawrapper-height\"])for(var r=0;r<t.length;r++){if(t[r].contentWindow===e.source)t[r].style.height=e.data[\"datawrapper-height\"][a]+\"px\"}}}))}();\n<\/script><\/p>\n<p><iframe title=\"Tasa de empleo adecuado, 2021\" aria-label=\"Dot Plot\" id=\"datawrapper-chart-J47gt\" src=\"https:\/\/datawrapper.dwcdn.net\/J47gt\/19\/\" scrolling=\"no\" frameborder=\"0\" style=\"width: 0; min-width: 100% !important; border: none;\" height=\"468\"><\/iframe><script type=\"text\/javascript\">!function(){\"use strict\";window.addEventListener(\"message\",(function(e){if(void 0!==e.data[\"datawrapper-height\"]){var t=document.querySelectorAll(\"iframe\");for(var a in e.data[\"datawrapper-height\"])for(var r=0;r<t.length;r++){if(t[r].contentWindow===e.source)t[r].style.height=e.data[\"datawrapper-height\"][a]+\"px\"}}}))}();\n<\/script><\/p>\n<p><iframe id=\"datawrapper-chart-mfBSu\" style=\"width: 0; min-width: 100% !important; border: none;\" title=\"Tasa de desempleo, 2021\" src=\"https:\/\/datawrapper.dwcdn.net\/mfBSu\/1\/\" height=\"339\" frameborder=\"0\" scrolling=\"no\" aria-label=\"Dot Plot\"><\/iframe><script type=\"text\/javascript\">!function(){\"use strict\";window.addEventListener(\"message\",(function(a){if(void 0!==a.data[\"datawrapper-height\"])for(var e in a.data[\"datawrapper-height\"]){var t=document.getElementById(\"datawrapper-chart-\"+e)||document.querySelector(\"iframe[src*='\"+e+\"']\");t&&(t.style.height=a.data[\"datawrapper-height\"][e]+\"px\")}}))}();\n<\/script><\/p>\n<p><iframe title=\"Tasa de inflaci\u00f3n, 2021\" aria-label=\"Gr\u00e1fica de puntos\" id=\"datawrapper-chart-LOGdK\" src=\"https:\/\/datawrapper.dwcdn.net\/LOGdK\/29\/\" scrolling=\"no\" frameborder=\"0\" style=\"width: 0; min-width: 100% !important; border: none;\" height=\"466\"><\/iframe><script type=\"text\/javascript\">!function(){\"use strict\";window.addEventListener(\"message\",(function(e){if(void 0!==e.data[\"datawrapper-height\"]){var t=document.querySelectorAll(\"iframe\");for(var a in e.data[\"datawrapper-height\"])for(var r=0;r<t.length;r++){if(t[r].contentWindow===e.source)t[r].style.height=e.data[\"datawrapper-height\"][a]+\"px\"}}}))}();<\/script><\/p>\n<p><iframe title=\"Precio del Petr\u00f3leo\" aria-label=\"Gr\u00e1fico de columnas\" id=\"datawrapper-chart-5UzH4\" src=\"https:\/\/datawrapper.dwcdn.net\/5UzH4\/26\/\" scrolling=\"no\" frameborder=\"0\" style=\"width: 0; min-width: 100% !important; border: none;\" height=\"300\"><\/iframe><script type=\"text\/javascript\">!function(){\"use strict\";window.addEventListener(\"message\",(function(e){if(void 0!==e.data[\"datawrapper-height\"]){var t=document.querySelectorAll(\"iframe\");for(var a in e.data[\"datawrapper-height\"])for(var r=0;r<t.length;r++){if(t[r].contentWindow===e.source)t[r].style.height=e.data[\"datawrapper-height\"][a]+\"px\"}}}))}();<\/script><\/p>\n<p><iframe id=\"datawrapper-chart-tnteB\" style=\"width: 0; min-width: 100% !important; border: none;\" title=\"D\u00e9ficit Fiscal\" src=\"https:\/\/datawrapper.dwcdn.net\/tnteB\/2\/\" height=\"300\" frameborder=\"0\" scrolling=\"no\" aria-label=\"chart\"><\/iframe><script type=\"text\/javascript\">!function(){\"use strict\";window.addEventListener(\"message\",(function(a){if(void 0!==a.data[\"datawrapper-height\"])for(var e in a.data[\"datawrapper-height\"]){var t=document.getElementById(\"datawrapper-chart-\"+e)||document.querySelector(\"iframe[src*='\"+e+\"']\");t&&(t.style.height=a.data[\"datawrapper-height\"][e]+\"px\")}}))}();\n<\/script><\/p>\n<p><iframe title=\"Riesgo Pa\u00eds\" aria-label=\"Gr\u00e1fico de columnas\" id=\"datawrapper-chart-Fos3A\" src=\"https:\/\/datawrapper.dwcdn.net\/Fos3A\/23\/\" scrolling=\"no\" frameborder=\"0\" style=\"width: 0; min-width: 100% !important; border: none;\" height=\"300\"><\/iframe><script type=\"text\/javascript\">!function(){\"use strict\";window.addEventListener(\"message\",(function(e){if(void 0!==e.data[\"datawrapper-height\"]){var t=document.querySelectorAll(\"iframe\");for(var a in e.data[\"datawrapper-height\"])for(var r=0;r<t.length;r++){if(t[r].contentWindow===e.source)t[r].style.height=e.data[\"datawrapper-height\"][a]+\"px\"}}}))}();<\/script><\/p>\n<p><\/b>\u00daltima Actualizaci\u00f3n: 22-09-2022<\/p>\n","protected":false},"excerpt":{"rendered":"<p>Evoluci\u00f3n de pron\u00f3sticos para el a\u00f1o 2021 Esta p\u00e1gina presenta los pron\u00f3sticos de consenso en cada uno de los meses en los que se realiz\u00f3 la encuesta de expertos para las variables y periodos de inter\u00e9s. &nbsp; \u00daltima Actualizaci\u00f3n: 22-09-2022<\/p>\n","protected":false},"author":1,"featured_media":0,"parent":0,"menu_order":0,"comment_status":"closed","ping_status":"closed","template":"","meta":{"footnotes":""},"_links":{"self":[{"href":"https:\/\/www.expertoseconomia.org\/es\/wp-json\/wp\/v2\/pages\/374"}],"collection":[{"href":"https:\/\/www.expertoseconomia.org\/es\/wp-json\/wp\/v2\/pages"}],"about":[{"href":"https:\/\/www.expertoseconomia.org\/es\/wp-json\/wp\/v2\/types\/page"}],"author":[{"embeddable":true,"href":"https:\/\/www.expertoseconomia.org\/es\/wp-json\/wp\/v2\/users\/1"}],"replies":[{"embeddable":true,"href":"https:\/\/www.expertoseconomia.org\/es\/wp-json\/wp\/v2\/comments?post=374"}],"version-history":[{"count":66,"href":"https:\/\/www.expertoseconomia.org\/es\/wp-json\/wp\/v2\/pages\/374\/revisions"}],"predecessor-version":[{"id":931,"href":"https:\/\/www.expertoseconomia.org\/es\/wp-json\/wp\/v2\/pages\/374\/revisions\/931"}],"wp:attachment":[{"href":"https:\/\/www.expertoseconomia.org\/es\/wp-json\/wp\/v2\/media?parent=374"}],"curies":[{"name":"wp","href":"https:\/\/api.w.org\/{rel}","templated":true}]}}