{"id":332,"date":"2020-09-23T17:03:49","date_gmt":"2020-09-23T17:03:49","guid":{"rendered":"http:\/\/www.expertoseconomia.org\/es\/?page_id=332"},"modified":"2021-10-18T19:53:22","modified_gmt":"2021-10-18T19:53:22","slug":"eeee-2020","status":"publish","type":"page","link":"https:\/\/www.expertoseconomia.org\/es\/eeee-2020\/","title":{"rendered":"2020"},"content":{"rendered":"<h1><span style=\"color: #000000;\"><strong>Evoluci\u00f3n de pron\u00f3sticos para el a\u00f1o 2020<br \/>\n<\/strong><\/span><\/h1>\n<p>Esta p\u00e1gina presenta los pron\u00f3sticos de consenso en cada uno de los meses en los que se realiz\u00f3 la encuesta de expertos para las variables y periodos de inter\u00e9s.<\/p>\n<p>&nbsp;<\/p>\n<p><iframe id=\"datawrapper-chart-YLiYN\" style=\"width: 0; min-width: 100% !important; border: none;\" title=\"Tasa de crecimiento del PIB, 2020\" src=\"https:\/\/datawrapper.dwcdn.net\/YLiYN\/17\/\" height=\"322\" frameborder=\"0\" scrolling=\"no\" aria-label=\"Dot Plot\"><\/iframe><script type=\"text\/javascript\">!function(){\"use strict\";window.addEventListener(\"message\",(function(a){if(void 0!==a.data[\"datawrapper-height\"])for(var e in a.data[\"datawrapper-height\"]){var t=document.getElementById(\"datawrapper-chart-\"+e)||document.querySelector(\"iframe[src*='\"+e+\"']\");t&&(t.style.height=a.data[\"datawrapper-height\"][e]+\"px\")}}))}();\n<\/script><\/p>\n<p><iframe id=\"datawrapper-chart-kGDv8\" style=\"width: 0; min-width: 100% !important; border: none;\" title=\"PIB: Tasa de crecimiento promedio anual 2020\" src=\"https:\/\/datawrapper.dwcdn.net\/kGDv8\/2\/\" height=\"300\" frameborder=\"0\" scrolling=\"no\" aria-label=\"chart\"><\/iframe><script type=\"text\/javascript\">!function(){\"use strict\";window.addEventListener(\"message\",(function(a){if(void 0!==a.data[\"datawrapper-height\"])for(var e in a.data[\"datawrapper-height\"]){var t=document.getElementById(\"datawrapper-chart-\"+e)||document.querySelector(\"iframe[src*='\"+e+\"']\");t&&(t.style.height=a.data[\"datawrapper-height\"][e]+\"px\")}}))}();\n<\/script><\/p>\n<p><iframe id=\"datawrapper-chart-IKYxb\" style=\"width: 0; min-width: 100% !important; border: none;\" title=\"Tasa de empleo adecuado, 2020\" src=\"https:\/\/datawrapper.dwcdn.net\/IKYxb\/7\/\" height=\"322\" frameborder=\"0\" scrolling=\"no\" aria-label=\"Dot Plot\"><\/iframe><script type=\"text\/javascript\">!function(){\"use strict\";window.addEventListener(\"message\",(function(a){if(void 0!==a.data[\"datawrapper-height\"])for(var e in a.data[\"datawrapper-height\"]){var t=document.getElementById(\"datawrapper-chart-\"+e)||document.querySelector(\"iframe[src*='\"+e+\"']\");t&&(t.style.height=a.data[\"datawrapper-height\"][e]+\"px\")}}))}();\n<\/script><\/p>\n<p><iframe id=\"datawrapper-chart-Doe9n\" style=\"width: 0; min-width: 100% !important; border: none;\" title=\"Tasa de empleo adecuado para 2020-4T\" src=\"https:\/\/datawrapper.dwcdn.net\/Doe9n\/4\/\" height=\"300\" frameborder=\"0\" scrolling=\"no\" aria-label=\"chart\"><\/iframe><script type=\"text\/javascript\">!function(){\"use strict\";window.addEventListener(\"message\",(function(a){if(void 0!==a.data[\"datawrapper-height\"])for(var e in a.data[\"datawrapper-height\"]){var t=document.getElementById(\"datawrapper-chart-\"+e)||document.querySelector(\"iframe[src*='\"+e+\"']\");t&&(t.style.height=a.data[\"datawrapper-height\"][e]+\"px\")}}))}();\n<\/script><\/p>\n<p><iframe id=\"datawrapper-chart-TX8k1\" style=\"width: 0; min-width: 100% !important; border: none;\" title=\"Tasa de desempleo para 2020-4T\" src=\"https:\/\/datawrapper.dwcdn.net\/TX8k1\/4\/\" height=\"300\" frameborder=\"0\" scrolling=\"no\" aria-label=\"chart\"><\/iframe><script type=\"text\/javascript\">!function(){\"use strict\";window.addEventListener(\"message\",(function(a){if(void 0!==a.data[\"datawrapper-height\"])for(var e in a.data[\"datawrapper-height\"]){var t=document.getElementById(\"datawrapper-chart-\"+e)||document.querySelector(\"iframe[src*='\"+e+\"']\");t&&(t.style.height=a.data[\"datawrapper-height\"][e]+\"px\")}}))}();<\/p>\n<p><iframe title=\"Tasa de inflaci\u00f3n, 2020\" aria-label=\"Dot Plot\" id=\"datawrapper-chart-gZd7U\" src=\"https:\/\/datawrapper.dwcdn.net\/gZd7U\/8\/\" scrolling=\"no\" frameborder=\"0\" style=\"width: 0; min-width: 100% !important; border: none;\" height=\"305\"><\/iframe><script type=\"text\/javascript\">!function(){\"use strict\";window.addEventListener(\"message\",(function(a){if(void 0!==a.data[\"datawrapper-height\"])for(var e in a.data[\"datawrapper-height\"]){var t=document.getElementById(\"datawrapper-chart-\"+e)||document.querySelector(\"iframe[src*='\"+e+\"']\");t&&(t.style.height=a.data[\"datawrapper-height\"][e]+\"px\")}}))}();\n<\/script><\/p>\n<p><iframe id=\"datawrapper-chart-gZd7U\" style=\"width: 0; min-width: 100% !important; border: none;\" title=\"Tasa de inflaci\u00f3n, 2020\" src=\"https:\/\/datawrapper.dwcdn.net\/gZd7U\/8\/\" height=\"305\" frameborder=\"0\" scrolling=\"no\" aria-label=\"Dot Plot\"><\/iframe><script type=\"text\/javascript\">!function(){\"use strict\";window.addEventListener(\"message\",(function(a){if(void 0!==a.data[\"datawrapper-height\"])for(var e in a.data[\"datawrapper-height\"]){var t=document.getElementById(\"datawrapper-chart-\"+e)||document.querySelector(\"iframe[src*='\"+e+\"']\");t&&(t.style.height=a.data[\"datawrapper-height\"][e]+\"px\")}}))}();\n<\/script><\/p>\n<p><iframe id=\"datawrapper-chart-fDRom\" style=\"width: 0; min-width: 100% !important; border: none;\" title=\"Tasa de inflaci\u00f3n entre diciembre de 2020 y diciembre de 2019\" src=\"https:\/\/datawrapper.dwcdn.net\/fDRom\/7\/\" height=\"400\" frameborder=\"0\" scrolling=\"no\" aria-label=\"chart\"><\/iframe><script type=\"text\/javascript\">!function(){\"use strict\";window.addEventListener(\"message\",(function(a){if(void 0!==a.data[\"datawrapper-height\"])for(var e in a.data[\"datawrapper-height\"]){var t=document.getElementById(\"datawrapper-chart-\"+e)||document.querySelector(\"iframe[src*='\"+e+\"']\");t&&(t.style.height=a.data[\"datawrapper-height\"][e]+\"px\")}}))}();\n<\/script><\/p>\n<p>\u00daltima Actualizaci\u00f3n: 18-10-2021<\/p>\n","protected":false},"excerpt":{"rendered":"<p>Evoluci\u00f3n de pron\u00f3sticos para el a\u00f1o 2020 Esta p\u00e1gina presenta los pron\u00f3sticos de consenso en cada uno de los meses en los que se realiz\u00f3 la encuesta de expertos para las variables y periodos de inter\u00e9s. &nbsp; \u00daltima Actualizaci\u00f3n: 18-10-2021<\/p>\n","protected":false},"author":2,"featured_media":0,"parent":0,"menu_order":0,"comment_status":"closed","ping_status":"closed","template":"","meta":{"footnotes":""},"_links":{"self":[{"href":"https:\/\/www.expertoseconomia.org\/es\/wp-json\/wp\/v2\/pages\/332"}],"collection":[{"href":"https:\/\/www.expertoseconomia.org\/es\/wp-json\/wp\/v2\/pages"}],"about":[{"href":"https:\/\/www.expertoseconomia.org\/es\/wp-json\/wp\/v2\/types\/page"}],"author":[{"embeddable":true,"href":"https:\/\/www.expertoseconomia.org\/es\/wp-json\/wp\/v2\/users\/2"}],"replies":[{"embeddable":true,"href":"https:\/\/www.expertoseconomia.org\/es\/wp-json\/wp\/v2\/comments?post=332"}],"version-history":[{"count":67,"href":"https:\/\/www.expertoseconomia.org\/es\/wp-json\/wp\/v2\/pages\/332\/revisions"}],"predecessor-version":[{"id":722,"href":"https:\/\/www.expertoseconomia.org\/es\/wp-json\/wp\/v2\/pages\/332\/revisions\/722"}],"wp:attachment":[{"href":"https:\/\/www.expertoseconomia.org\/es\/wp-json\/wp\/v2\/media?parent=332"}],"curies":[{"name":"wp","href":"https:\/\/api.w.org\/{rel}","templated":true}]}}