{"id":2,"date":"2020-07-23T00:27:25","date_gmt":"2020-07-23T00:27:25","guid":{"rendered":"http:\/\/www.expertoseconomia.org\/es\/?page_id=2"},"modified":"2025-03-05T18:20:46","modified_gmt":"2025-03-05T18:20:46","slug":"acerca","status":"publish","type":"page","link":"https:\/\/www.expertoseconomia.org\/es\/acerca\/","title":{"rendered":"Acerca"},"content":{"rendered":"\r\n<p>Este proyecto tiene como finalidad construir una base de datos de acceso libre con proyecciones econ\u00f3micas que puedan servir para la toma de decisiones tanto para agentes privados como p\u00fablicos.\u00a0 Nuestra iniciativa puede tener un alto impacto para diseminar informaci\u00f3n \u00fatil para el ambiente de negocios en Ecuador, especialmente en la coyuntura actual de alta incertidumbre debido a factores ex\u00f3genos (efectos post-pandemia, conflictos internacionales, etc.). Quienes ideamos y estaremos a cargo del proyecto somos<strong> Jos\u00e9 Luis Mass\u00f3n-Guerra, Ph.D.<\/strong> y <strong>Manuel Gonz\u00e1lez-Astudillo, Ph.D.<\/strong>, economistas ecuatorianos.<\/p>\r\n\r\n\r\n\r\n\r\n\r\n\r\n\r\n<p>Planeamos recopilar la informaci\u00f3n de la encuesta con una frecuencia mensual, ofreciendo resultados con la misma periodicidad.\u00a0 En particular, publicaremos estad\u00edsticos pertinentes de los indicadores de inter\u00e9s.\u00a0\u00a0Al recopilar informaci\u00f3n en la forma de un panel, es posible determinar si el \u00e1nimo de los analistas encuestados se va tornando m\u00e1s pesimista o m\u00e1s optimista, lo que sin duda puede ofrecer informaci\u00f3n valiosa para quienes toman decisiones de negocios.\u00a0<\/p>\r\n\r\n\r\n\r\n\r\n\r\n<p>Agradecemos su inter\u00e9s y compromiso por hacer de Ecuador un mejor pa\u00eds a trav\u00e9s de la participaci\u00f3n en este proyecto.<\/p>\r\n<p>&nbsp;<\/p>\r\n\r\n<p><a class=\"twitter-follow-button\" href=\"https:\/\/twitter.com\/EEEE_Economia?ref_src=twsrc%5Etfw\" data-show-count=\"false\">Follow @EEEE_Economia<\/a><script async src=\"https:\/\/platform.twitter.com\/widgets.js\" charset=\"utf-8\"><\/script><\/p>","protected":false},"excerpt":{"rendered":"<p>Este proyecto tiene como finalidad construir una base de datos de acceso libre con proyecciones econ\u00f3micas que puedan servir para la toma de decisiones tanto para agentes privados como p\u00fablicos.\u00a0 Nuestra iniciativa puede tener un alto impacto para diseminar informaci\u00f3n \u00fatil para el ambiente de negocios en Ecuador, especialmente en la coyuntura actual de alta &hellip; <\/p>\n<p class=\"link-more\"><a href=\"https:\/\/www.expertoseconomia.org\/es\/acerca\/\" class=\"more-link\">Continuar leyendo<span class=\"screen-reader-text\"> \u00abAcerca\u00bb<\/span><\/a><\/p>\n","protected":false},"author":1,"featured_media":0,"parent":0,"menu_order":0,"comment_status":"closed","ping_status":"open","template":"","meta":{"footnotes":""},"_links":{"self":[{"href":"https:\/\/www.expertoseconomia.org\/es\/wp-json\/wp\/v2\/pages\/2"}],"collection":[{"href":"https:\/\/www.expertoseconomia.org\/es\/wp-json\/wp\/v2\/pages"}],"about":[{"href":"https:\/\/www.expertoseconomia.org\/es\/wp-json\/wp\/v2\/types\/page"}],"author":[{"embeddable":true,"href":"https:\/\/www.expertoseconomia.org\/es\/wp-json\/wp\/v2\/users\/1"}],"replies":[{"embeddable":true,"href":"https:\/\/www.expertoseconomia.org\/es\/wp-json\/wp\/v2\/comments?post=2"}],"version-history":[{"count":15,"href":"https:\/\/www.expertoseconomia.org\/es\/wp-json\/wp\/v2\/pages\/2\/revisions"}],"predecessor-version":[{"id":971,"href":"https:\/\/www.expertoseconomia.org\/es\/wp-json\/wp\/v2\/pages\/2\/revisions\/971"}],"wp:attachment":[{"href":"https:\/\/www.expertoseconomia.org\/es\/wp-json\/wp\/v2\/media?parent=2"}],"curies":[{"name":"wp","href":"https:\/\/api.w.org\/{rel}","templated":true}]}}