{"id":1294,"date":"2025-11-04T19:03:45","date_gmt":"2025-11-04T19:03:45","guid":{"rendered":"https:\/\/www.expertoseconomia.org\/es\/?page_id=1294"},"modified":"2025-12-30T09:41:59","modified_gmt":"2025-12-30T09:41:59","slug":"eeee-2026","status":"publish","type":"page","link":"https:\/\/www.expertoseconomia.org\/es\/eeee-2026\/","title":{"rendered":"2026"},"content":{"rendered":"<h1><span style=\"color: #000000;\"><strong>Evoluci\u00f3n de pron\u00f3sticos para el a\u00f1o 2026<br \/>\n<\/strong><\/span><\/h1>\n<p>Esta p\u00e1gina presenta los pron\u00f3sticos de consenso en cada uno de los meses en los que se realiz\u00f3 la encuesta de expertos para las variables y periodos de inter\u00e9s.<\/p>\n<p>&nbsp;<\/p>\n<p><iframe title=\"Tasa de crecimiento del PIB, 2026\" aria-label=\"Gr\u00e1fico de puntos\" id=\"datawrapper-chart-KoTk5\" src=\"https:\/\/datawrapper.dwcdn.net\/KoTk5\/3\/\" scrolling=\"no\" frameborder=\"0\" style=\"width: 0; min-width: 100% !important; border: none;\" height=\"228\" data-external=\"1\"><\/iframe><script type=\"text\/javascript\">window.addEventListener(\"message\",function(a){if(void 0!==a.data[\"datawrapper-height\"]){var e=document.querySelectorAll(\"iframe\");for(var t in a.data[\"datawrapper-height\"])for(var r,i=0;r=e[i];i++)if(r.contentWindow===a.source){var d=a.data[\"datawrapper-height\"][t]+\"px\";r.style.height=d}}});<\/script><br \/>\n&nbsp;<\/p>\n<p><iframe title=\"Tasa de desempleo, 2026\" aria-label=\"Gr\u00e1fico de puntos\" id=\"datawrapper-chart-0XSjN\" src=\"https:\/\/datawrapper.dwcdn.net\/0XSjN\/2\/\" scrolling=\"no\" frameborder=\"0\" style=\"width: 0; min-width: 100% !important; border: none;\" height=\"194\" data-external=\"1\"><\/iframe><script type=\"text\/javascript\">window.addEventListener(\"message\",function(a){if(void 0!==a.data[\"datawrapper-height\"]){var e=document.querySelectorAll(\"iframe\");for(var t in a.data[\"datawrapper-height\"])for(var r,i=0;r=e[i];i++)if(r.contentWindow===a.source){var d=a.data[\"datawrapper-height\"][t]+\"px\";r.style.height=d}}});<\/script><br \/>\n&nbsp;<\/p>\n<p><iframe title=\"Tasa de empleo adecuado, 2026\" aria-label=\"Gr\u00e1fico de puntos\" id=\"datawrapper-chart-atEhL\" src=\"https:\/\/datawrapper.dwcdn.net\/atEhL\/3\/\" scrolling=\"no\" frameborder=\"0\" style=\"width: 0; min-width: 100% !important; border: none;\" height=\"211\" data-external=\"1\"><\/iframe><script type=\"text\/javascript\">window.addEventListener(\"message\",function(a){if(void 0!==a.data[\"datawrapper-height\"]){var e=document.querySelectorAll(\"iframe\");for(var t in a.data[\"datawrapper-height\"])for(var r,i=0;r=e[i];i++)if(r.contentWindow===a.source){var d=a.data[\"datawrapper-height\"][t]+\"px\";r.style.height=d}}});<\/script><br \/>\n&nbsp;<\/p>\n<p><iframe title=\"Tasa de inflaci\u00f3n, 2026\" aria-label=\"Gr\u00e1fico de puntos\" id=\"datawrapper-chart-e2Jbw\" src=\"https:\/\/datawrapper.dwcdn.net\/e2Jbw\/2\/\" scrolling=\"no\" frameborder=\"0\" style=\"width: 0; min-width: 100% !important; border: none;\" height=\"211\" data-external=\"1\"><\/iframe><script type=\"text\/javascript\">window.addEventListener(\"message\",function(a){if(void 0!==a.data[\"datawrapper-height\"]){var e=document.querySelectorAll(\"iframe\");for(var t in a.data[\"datawrapper-height\"])for(var r,i=0;r=e[i];i++)if(r.contentWindow===a.source){var d=a.data[\"datawrapper-height\"][t]+\"px\";r.style.height=d}}});<\/script><\/p>\n<p>&nbsp;<\/p>\n<p><iframe title=\"D\u00e9ficit Fiscal, 2026\" aria-label=\"Gr\u00e1fico de columnas\" id=\"datawrapper-chart-FtAbt\" src=\"https:\/\/datawrapper.dwcdn.net\/FtAbt\/3\/\" scrolling=\"no\" frameborder=\"0\" style=\"width: 0; min-width: 100% !important; border: none;\" height=\"458\" data-external=\"1\"><\/iframe><script type=\"text\/javascript\">window.addEventListener(\"message\",function(a){if(void 0!==a.data[\"datawrapper-height\"]){var e=document.querySelectorAll(\"iframe\");for(var t in a.data[\"datawrapper-height\"])for(var r,i=0;r=e[i];i++)if(r.contentWindow===a.source){var d=a.data[\"datawrapper-height\"][t]+\"px\";r.style.height=d}}});<\/script><\/p>\n<p>&nbsp;<\/p>\n<p><iframe title=\"Riesgo Pa\u00eds, 2026\" aria-label=\"Gr\u00e1fico de columnas\" id=\"datawrapper-chart-qSRCm\" src=\"https:\/\/datawrapper.dwcdn.net\/qSRCm\/3\/\" scrolling=\"no\" frameborder=\"0\" style=\"width: 0; min-width: 100% !important; border: none;\" height=\"458\" data-external=\"1\"><\/iframe><script type=\"text\/javascript\">window.addEventListener(\"message\",function(a){if(void 0!==a.data[\"datawrapper-height\"]){var e=document.querySelectorAll(\"iframe\");for(var t in a.data[\"datawrapper-height\"])for(var r,i=0;r=e[i];i++)if(r.contentWindow===a.source){var d=a.data[\"datawrapper-height\"][t]+\"px\";r.style.height=d}}});<\/script><\/p>\n<p>&nbsp;<\/p>\n<p><iframe title=\"Precio del Petr\u00f3leo, 2026\" aria-label=\"Gr\u00e1fico de columnas\" id=\"datawrapper-chart-lOD2W\" src=\"https:\/\/datawrapper.dwcdn.net\/lOD2W\/2\/\" scrolling=\"no\" frameborder=\"0\" style=\"width: 0; min-width: 100% !important; border: none;\" height=\"458\" data-external=\"1\"><\/iframe><script type=\"text\/javascript\">window.addEventListener(\"message\",function(a){if(void 0!==a.data[\"datawrapper-height\"]){var e=document.querySelectorAll(\"iframe\");for(var t in a.data[\"datawrapper-height\"])for(var r,i=0;r=e[i];i++)if(r.contentWindow===a.source){var d=a.data[\"datawrapper-height\"][t]+\"px\";r.style.height=d}}});<\/script><\/p>\n","protected":false},"excerpt":{"rendered":"<p>Evoluci\u00f3n de pron\u00f3sticos para el a\u00f1o 2026 Esta p\u00e1gina presenta los pron\u00f3sticos de consenso en cada uno de los meses en los que se realiz\u00f3 la encuesta de expertos para las variables y periodos de inter\u00e9s. &nbsp; &nbsp; &nbsp; &nbsp; &nbsp; &nbsp; &nbsp;<\/p>\n","protected":false},"author":1,"featured_media":0,"parent":0,"menu_order":0,"comment_status":"closed","ping_status":"closed","template":"","meta":{"footnotes":""},"_links":{"self":[{"href":"https:\/\/www.expertoseconomia.org\/es\/wp-json\/wp\/v2\/pages\/1294"}],"collection":[{"href":"https:\/\/www.expertoseconomia.org\/es\/wp-json\/wp\/v2\/pages"}],"about":[{"href":"https:\/\/www.expertoseconomia.org\/es\/wp-json\/wp\/v2\/types\/page"}],"author":[{"embeddable":true,"href":"https:\/\/www.expertoseconomia.org\/es\/wp-json\/wp\/v2\/users\/1"}],"replies":[{"embeddable":true,"href":"https:\/\/www.expertoseconomia.org\/es\/wp-json\/wp\/v2\/comments?post=1294"}],"version-history":[{"count":9,"href":"https:\/\/www.expertoseconomia.org\/es\/wp-json\/wp\/v2\/pages\/1294\/revisions"}],"predecessor-version":[{"id":1318,"href":"https:\/\/www.expertoseconomia.org\/es\/wp-json\/wp\/v2\/pages\/1294\/revisions\/1318"}],"wp:attachment":[{"href":"https:\/\/www.expertoseconomia.org\/es\/wp-json\/wp\/v2\/media?parent=1294"}],"curies":[{"name":"wp","href":"https:\/\/api.w.org\/{rel}","templated":true}]}}