{"id":1168,"date":"2024-01-23T15:07:58","date_gmt":"2024-01-23T15:07:58","guid":{"rendered":"https:\/\/www.expertoseconomia.org\/es\/?page_id=1168"},"modified":"2025-01-12T17:55:25","modified_gmt":"2025-01-12T17:55:25","slug":"expertos-economia-2024","status":"publish","type":"page","link":"https:\/\/www.expertoseconomia.org\/es\/expertos-economia-2024\/","title":{"rendered":"Expertos 2024"},"content":{"rendered":"<p><strong>Participaron en la 3a. Ronda del Cuarto Trimestre [4T-3R-2024]:<\/strong><\/p>\n<p><strong>Freddy Garc\u00eda<\/strong>, <strong>M.Sc.<\/strong>, [Andersen]<\/p>\n<p><strong>Gonzalo S\u00e1nchez<\/strong>, <strong>Ph.D.<\/strong>, [CIEC-ESPOL]<\/p>\n<p><strong>Iv\u00e1n Rivadeneyra<\/strong>, <strong>Ph.D.<\/strong>, [FCSH-ESPOL]<\/p>\n<p><strong>John Cajas Guijarro<\/strong>, <strong>Dr.(c)<\/strong>, [Universidad Central del Ecuador]<\/p>\n<p><strong>Jos\u00e9 Gabriel Castillo<\/strong>, <strong>Ph.D.<\/strong>, [FCSH-ESPOL]<\/p>\n<p><strong>Juan Francisco Rumbea Pavisic<\/strong>, <strong>M.Sc.<\/strong>, [FCSH-ESPOL]<\/p>\n<p><strong>Juan Javier Jarr\u00edn Santos<\/strong>, <strong>Ec.<\/strong>, [Inteligencia Empresarial]<\/p>\n<p><strong>Juan Jos\u00e9 Salcedo Cruz<\/strong>, <strong>M.Sc.<\/strong>, [Universidad Ecotec]<\/p>\n<p><strong>Luis P\u00e1ez<\/strong>, <strong>M.Sc.<\/strong>, [Universidad Paris X]<\/p>\n<p><strong>Manuel Gonz\u00e1lez-Astudillo<\/strong>, <strong>Ph.D.<\/strong>, [FCSH-ESPOL]<\/p>\n<p><strong>Margarita Andrade<\/strong>, <strong>M.A.<\/strong>, [Asamblea Nacional]<\/p>\n<p><strong>Rodrigo Mendieta Mu\u00f1oz<\/strong>, <strong>Ph.D.<\/strong>, [Universidad de Cuenca]<\/p>\n<p><strong>Segundo Camino-Mogro<\/strong>, <strong>Ph.D.<\/strong>, [Universidad Esp\u00edritu Santo]<\/p>\n<p><strong>Xavier Alfredo Villavicencio C\u00f3rdova<\/strong>, <strong>Ph.D.<\/strong>, [Texas A&amp;M University]<\/p>\n<p><span style=\"font-size: 1rem;\"><strong>An\u00f3nimos: <\/strong>2<\/span><\/p>\n<p><span style=\"font-size: 1rem;\"><strong>Expertos: <\/strong>16<\/span><\/p>\n<p>&nbsp;<\/p>\n<p><strong>Participaron en la 2a. Ronda del Cuarto Trimestre [4T-2R-2024]:<\/strong><\/p>\n<p><strong>\u00c1ngel Augusto Maridue\u00f1a Larrea<\/strong>, <strong>M.Sc.<\/strong>, [Universidad de Milagro]<\/p>\n<p><strong>Augusto de la Torre<\/strong>, <strong>Ph.D.<\/strong>, [Columbia University]<\/p>\n<p><strong>Freddy Garc\u00eda<\/strong>, <strong>M.Sc.<\/strong>, [Andersen]<\/p>\n<p><strong>Gonzalo S\u00e1nchez<\/strong>, <strong>Ph.D.<\/strong>, [CIEC-ESPOL]<\/p>\n<p><strong>John Cajas Guijarro<\/strong>, <strong>Dr.(c)<\/strong>, [Universidad Central del Ecuador]<\/p>\n<p><strong>Jos\u00e9 Gabriel Castillo<\/strong>, <strong>Ph.D.<\/strong>, [FCSH-ESPOL]<\/p>\n<p><strong>Jos\u00e9 Hidalgo<\/strong>, <strong>Ec.<\/strong>, [Cordes]<\/p>\n<p><strong>Juan Francisco Rumbea Pavisic<\/strong>, <strong>M.Sc.<\/strong>, [FCSH-ESPOL]<\/p>\n<p><strong>Juan Javier Jarr\u00edn Santos<\/strong>, <strong>Ec.<\/strong>, [Inteligencia Empresarial]<\/p>\n<p><strong>Manuel Gonz\u00e1lez-Astudillo<\/strong>, <strong>Ph.D.<\/strong>, [FCSH-ESPOL]<\/p>\n<p><strong>Margarita Andrade<\/strong>, <strong>M.A.<\/strong>, [Asamblea Nacional]<\/p>\n<p><strong>Rodrigo Mendieta Mu\u00f1oz<\/strong>, <strong>Ph.D.<\/strong>, [Universidad de Cuenca]<\/p>\n<p><strong>Segundo Camino-Mogro<\/strong>, <strong>Ph.D.<\/strong>, [Universidad Esp\u00edritu Santo]<\/p>\n<p><strong>Xavier Alfredo Villavicencio C\u00f3rdova<\/strong>, <strong>Ph.D.<\/strong>, [Texas A&amp;M University]<\/p>\n<p><span style=\"font-size: 1rem;\"><strong>An\u00f3nimos: <\/strong>2<\/span><\/p>\n<p><span style=\"font-size: 1rem;\"><strong>Expertos: <\/strong>16<\/span><\/p>\n<p>&nbsp;<\/p>\n<p><strong>Participaron en la 1a. Ronda del Cuarto Trimestre [4T-1R-2024]:<\/strong><\/p>\n<p><strong>\u00c1ngel Augusto Maridue\u00f1a Larrea<\/strong>, <strong>M.Sc.<\/strong>, [Universidad de Milagro]<\/p>\n<p><strong>Christian Proa\u00f1o<\/strong>, <strong>Ph.D.<\/strong>, [Universidad de Bamberg]<\/p>\n<p><strong>Freddy Garc\u00eda<\/strong>, <strong>M.Sc.<\/strong>, [Andersen]<\/p>\n<p><strong>Gonzalo S\u00e1nchez<\/strong>, <strong>Ph.D.<\/strong>, [CIEC-ESPOL]<\/p>\n<p><strong>Iv\u00e1n Rivadeneyra<\/strong>, <strong>Ph.D.<\/strong>, [FCSH-ESPOL]<\/p>\n<p><strong>John Cajas Guijarro<\/strong>, <strong>Dr.(c)<\/strong>, [Universidad Central del Ecuador]<\/p>\n<p><strong>Jos\u00e9 Gabriel Castillo<\/strong>, <strong>Ph.D.<\/strong>, [FCSH-ESPOL]<\/p>\n<p><strong>Jos\u00e9 Hidalgo<\/strong>, <strong>Ec.<\/strong>, [Cordes]<\/p>\n<p><strong>Jos\u00e9 Xavier Orellana Giler<\/strong>, <strong>M.Sc.\/MBA<\/strong>, [AHEAD PARTNERS]<\/p>\n<p><strong>Juan Francisco Rumbea Pavisic<\/strong>, <strong>M.Sc.<\/strong>, [FCSH-ESPOL]<\/p>\n<p><strong>Juan Javier Jarr\u00edn Santos<\/strong>, <strong>Ec.<\/strong>, [Inteligencia Empresarial]<\/p>\n<p><strong>Juan Jos\u00e9 Salcedo Cruz<\/strong>, <strong>M.Sc.<\/strong>, [Universidad Ecotec]<\/p>\n<p><strong>Juli\u00e1n D\u00edaz<\/strong>, <strong>Ph.D.<\/strong>, [Loyola University Chicago]<\/p>\n<p><strong>Luis P\u00e1ez<\/strong>, <strong>M.Sc.<\/strong>, [Universidad Paris X]<\/p>\n<p><strong>Manuel Gonz\u00e1lez-Astudillo<\/strong>, <strong>Ph.D.<\/strong>, [FCSH-ESPOL]<\/p>\n<p><strong>Margarita Andrade<\/strong>, <strong>M.A.<\/strong>, [Asamblea Nacional]<\/p>\n<p><strong>Segundo Camino-Mogro<\/strong>, <strong>Ph.D.<\/strong>, [Universidad Esp\u00edritu Santo]<\/p>\n<p><strong>Stephan K\u00fcffner<\/strong>, <strong>VWL<\/strong><\/p>\n<p><strong>Xavier Alfredo Villavicencio C\u00f3rdova<\/strong>, <strong>Ph.D.<\/strong>, [Texas A&amp;M University]<\/p>\n<p><span style=\"font-size: 1rem;\"><strong>An\u00f3nimos: <\/strong>0<\/span><\/p>\n<p><span style=\"font-size: 1rem;\"><strong>Expertos: <\/strong>19<\/span><\/p>\n<p>&nbsp;<\/p>\n<p><strong>Participaron en la 3a. Ronda del Tercer Trimestre [3T-3R-2024]:<\/strong><\/p>\n<p><strong>\u00c1ngel Augusto Maridue\u00f1a Larrea<\/strong>, <strong>M.Sc.<\/strong>, [Universidad de Milagro]<\/p>\n<p><strong>Augusto de la Torre<\/strong>, <strong>Ph.D.<\/strong>, [Columbia University]<\/p>\n<p><strong>Christian Proa\u00f1o<\/strong>, <strong>Ph.D.<\/strong>, [Universidad de Bamberg]<\/p>\n<p><strong>Freddy Garc\u00eda<\/strong>, <strong>M.Sc.<\/strong>, [Andersen]<\/p>\n<p><strong>Gonzalo S\u00e1nchez<\/strong>, <strong>Ph.D.<\/strong>, [CIEC-ESPOL]<\/p>\n<p><strong>Iv\u00e1n Rivadeneyra<\/strong>, <strong>Ph.D.<\/strong>, [FCSH-ESPOL]<\/p>\n<p><strong>John Cajas Guijarro<\/strong>, <strong>Dr.(c)<\/strong>, [Universidad Central del Ecuador]<\/p>\n<p><strong>Jos\u00e9 Gabriel Castillo<\/strong>, <strong>Ph.D.<\/strong>, [FCSH-ESPOL]<\/p>\n<p><strong>Jos\u00e9 Hidalgo<\/strong>, <strong>Ec.<\/strong>, [Cordes]<\/p>\n<p><strong>Jos\u00e9 Xavier Orellana Giler<\/strong>, <strong>M.Sc.\/MBA<\/strong>, [AHEAD PARTNERS]<\/p>\n<p><strong>Juan Francisco Rumbea Pavisic<\/strong>, <strong>M.Sc.<\/strong>, [FCSH-ESPOL]<\/p>\n<p><strong>Juan Javier Jarr\u00edn Santos<\/strong>, <strong>Ec.<\/strong>, [Inteligencia Empresarial]<\/p>\n<p><strong>Juan Jos\u00e9 Salcedo Cruz<\/strong>, <strong>M.Sc.<\/strong>, [Universidad Ecotec]<\/p>\n<p><strong>Manuel Gonz\u00e1lez-Astudillo<\/strong>, <strong>Ph.D.<\/strong>, [FCSH-ESPOL]<\/p>\n<p><strong>Margarita Andrade<\/strong>, <strong>M.A.<\/strong>, [Asamblea Nacional]<\/p>\n<p><strong>Nicol\u00e1s Acosta<\/strong>, <strong>Ph.D.<\/strong>, [PUCE]<\/p>\n<p><strong>Segundo Camino-Mogro<\/strong>, <strong>Ph.D.<\/strong>, [Universidad Esp\u00edritu Santo]<\/p>\n<p><strong>Stephan K\u00fcffner<\/strong>, <strong>VWL<\/strong><\/p>\n<p><strong>Xavier Alfredo Villavicencio C\u00f3rdova<\/strong>, <strong>Ph.D.<\/strong>, [Texas A&amp;M University]<\/p>\n<p><span style=\"font-size: 1rem;\"><strong>An\u00f3nimos: <\/strong>1<\/span><\/p>\n<p><span style=\"font-size: 1rem;\"><strong>Expertos: <\/strong>21<\/span><\/p>\n<p>&nbsp;<\/p>\n<p><strong>Participaron en la 2a. Ronda del Tercer Trimestre [3T-2R-2024]:<\/strong><\/p>\n<p><strong>Andrea Villarreal Ojeda<\/strong>, <strong>MPA,<\/strong> [Asobanca]<\/p>\n<p><strong>\u00c1ngel Augusto Maridue\u00f1a Larrea<\/strong>, <strong>M.Sc.<\/strong>, [Universidad de Milagro]<\/p>\n<p><strong>Christian Proa\u00f1o<\/strong>, <strong>Ph.D.<\/strong>, [Universidad de Bamberg]<\/p>\n<p><strong>Freddy Garc\u00eda<\/strong>, <strong>M.Sc.<\/strong>, [Andersen]<\/p>\n<p><strong>Gonzalo S\u00e1nchez<\/strong>, <strong>Ph.D.<\/strong>, [CIEC-ESPOL]<\/p>\n<p><strong>Iv\u00e1n Rivadeneyra<\/strong>, <strong>Ph.D.<\/strong>, [FCSH-ESPOL]<\/p>\n<p><strong>John Cajas Guijarro<\/strong>, <strong>Dr.(c)<\/strong>, [Universidad Central del Ecuador]<\/p>\n<p><strong>Jos\u00e9 Gabriel Castillo<\/strong>, <strong>Ph.D.<\/strong>, [FCSH-ESPOL]<\/p>\n<p><strong>Jos\u00e9 Hidalgo<\/strong>, <strong>Ec.<\/strong>, [Cordes]<\/p>\n<p><strong>Juan Francisco Rumbea Pavisic<\/strong>, <strong>M.Sc.<\/strong>, [FCSH-ESPOL]<\/p>\n<p><strong>Juan Javier Jarr\u00edn Santos<\/strong>, <strong>Ec.<\/strong>, [Inteligencia Empresarial]<\/p>\n<p><strong>Juan Jos\u00e9 Salcedo Cruz<\/strong>, <strong>M.Sc.<\/strong>, [Universidad Ecotec]<\/p>\n<p><strong>Manuel Gonz\u00e1lez-Astudillo<\/strong>, <strong>Ph.D.<\/strong>, [FCSH-ESPOL]<\/p>\n<p><strong>Margarita Andrade<\/strong>, <strong>M.A.<\/strong>, [Asamblea Nacional]<\/p>\n<p><strong>Nicol\u00e1s Acosta<\/strong>, <strong>Ph.D.<\/strong>, [PUCE]<\/p>\n<p><strong>Roberto Mosquera Moyano<\/strong>, <strong>Ph.D.<\/strong>, [UDLA]<\/p>\n<p><strong>Segundo Camino-Mogro<\/strong>, <strong>Ph.D.<\/strong>, [Universidad Esp\u00edritu Santo]<\/p>\n<p><strong>Wilson Bastidas<\/strong>, <strong>Ec.<\/strong>, [Humboldt Management]<\/p>\n<p><strong>Xavier Alfredo Villavicencio C\u00f3rdova<\/strong>, <strong>Ph.D.<\/strong>, [Texas A&amp;M University]<\/p>\n<p><span style=\"font-size: 1rem;\"><strong>An\u00f3nimos: <\/strong>2<\/span><\/p>\n<p><span style=\"font-size: 1rem;\"><strong>Expertos: <\/strong>21<\/span><\/p>\n<p>&nbsp;<\/p>\n<p><strong>Participaron en la 1a. Ronda del Tercer Trimestre [3T-1R-2024]:<\/strong><\/p>\n<p><strong>Andrea Villarreal Ojeda<\/strong>, <strong>MPA,<\/strong> [Asobanca]<\/p>\n<p><strong>\u00c1ngel Augusto Maridue\u00f1a Larrea<\/strong>, <strong>M.Sc.<\/strong>, [Universidad de Milagro]<\/p>\n<p><strong>Augusto de la Torre<\/strong>, <strong>Ph.D.<\/strong>, [Columbia University]<\/p>\n<p><strong>Freddy Garc\u00eda<\/strong>, <strong>M.Sc.<\/strong>, [Andersen]<\/p>\n<p><strong>Gonzalo S\u00e1nchez<\/strong>, <strong>Ph.D.<\/strong>, [CIEC-ESPOL]<\/p>\n<p><strong>Iv\u00e1n Rivadeneyra<\/strong>, <strong>Ph.D.<\/strong>, [FCSH-ESPOL]<\/p>\n<p><strong>John Cajas Guijarro<\/strong>, <strong>Dr.(c)<\/strong>, [Universidad Central del Ecuador]<\/p>\n<p><strong>Jos\u00e9 Gabriel Castillo<\/strong>, <strong>Ph.D.<\/strong>, [FCSH-ESPOL]<\/p>\n<p><strong>Jos\u00e9 Hidalgo<\/strong>, <strong>Ec.<\/strong>, [Cordes]<\/p>\n<p><strong>Jos\u00e9 Xavier Orellana Giler<\/strong>, <strong>M.Sc.\/MBA<\/strong>, [AHEAD PARTNERS]<\/p>\n<p><strong>Juan Francisco Rumbea Pavisic<\/strong>, <strong>M.Sc.<\/strong>, [FCSH-ESPOL]<\/p>\n<p><strong>Juan Javier Jarr\u00edn Santos<\/strong>, <strong>Ec.<\/strong>, [Inteligencia Empresarial]<\/p>\n<p><strong>Juan Jos\u00e9 Salcedo Cruz<\/strong>, <strong>M.Sc.<\/strong>, [Universidad Ecotec]<\/p>\n<p><strong>Nicol\u00e1s Acosta<\/strong>, <strong>Ph.D.<\/strong>, [PUCE]<\/p>\n<p><strong>Segundo Camino-Mogro<\/strong>, <strong>Ph.D.<\/strong>, [Universidad Esp\u00edritu Santo]<\/p>\n<p><strong>Wilson Bastidas<\/strong>, <strong>Ec.<\/strong>, [Humboldt Management]<\/p>\n<p><strong>Xavier Alfredo Villavicencio C\u00f3rdova<\/strong>, <strong>Ph.D.<\/strong>, [Texas A&amp;M University]<\/p>\n<p><span style=\"font-size: 1rem;\"><strong>An\u00f3nimos: <\/strong>1<\/span><\/p>\n<p><span style=\"font-size: 1rem;\"><strong>Expertos: <\/strong>18<\/span><\/p>\n<p>&nbsp;<\/p>\n<p><strong>Participaron en la 3a. Ronda del Segundo Trimestre [2T-3R-2024]:<\/strong><\/p>\n<p><strong>\u00c1ngel Augusto Maridue\u00f1a Larrea<\/strong>, <strong>M.Sc.<\/strong>, [Universidad de Milagro]<\/p>\n<p><strong>Gonzalo S\u00e1nchez<\/strong>, <strong>Ph.D.<\/strong>, [CIEC-ESPOL]<\/p>\n<p><strong>Iv\u00e1n Rivadeneyra<\/strong>, <strong>Ph.D.<\/strong>, [FCSH-ESPOL]<\/p>\n<p><strong>John Cajas Guijarro<\/strong>, <strong>Dr.(c)<\/strong>, [Universidad Central del Ecuador]<\/p>\n<p><strong>Jos\u00e9 Xavier Orellana Giler<\/strong>, <strong>M.Sc.\/MBA<\/strong>, [AHEAD PARTNERS]<\/p>\n<p><strong>Juan Jos\u00e9 Salcedo Cruz<\/strong>, <strong>M.Sc.<\/strong>, [Universidad Ecotec]<\/p>\n<p><strong>Manuel Gonz\u00e1lez-Astudillo<\/strong>, <strong>Ph.D.<\/strong>, [FCSH-ESPOL]<\/p>\n<p><strong>Nicol\u00e1s Acosta<\/strong>, <strong>Ph.D.<\/strong>, [PUCE]<\/p>\n<p><strong>Segundo Camino-Mogro<\/strong>, <strong>Ph.D.<\/strong>, [Universidad Esp\u00edritu Santo]<\/p>\n<p><strong>Stephan K\u00fcffner<\/strong>, <strong>VWL<\/strong><\/p>\n<p><strong>Wilson Bastidas<\/strong>, <strong>Ec.<\/strong>, [Humboldt Management]<\/p>\n<p><strong>Xavier Alfredo Villavicencio C\u00f3rdova<\/strong>, <strong>Ph.D.<\/strong>, [Texas A&amp;M University]<\/p>\n<p><span style=\"font-size: 1rem;\"><strong>An\u00f3nimos: <\/strong>0<\/span><\/p>\n<p><span style=\"font-size: 1rem;\"><strong>Expertos: <\/strong>12<\/span><\/p>\n<p>&nbsp;<\/p>\n<p><strong>Participaron en la 2a. Ronda del Segundo Trimestre [2T-2R-2024]:<\/strong><\/p>\n<p><strong>Andrea Villarreal Ojeda<\/strong>, <strong>MPA,<\/strong> [Asobanca]<\/p>\n<p><strong>\u00c1ngel Augusto Maridue\u00f1a Larrea<\/strong>, <strong>M.Sc.<\/strong>, [Universidad de Milagro]<\/p>\n<p><strong>Christian Proa\u00f1o<\/strong>, <strong>Ph.D.<\/strong>, [Universidad de Bamberg]<\/p>\n<p><strong>Freddy Garc\u00eda<\/strong>, <strong>Ec.<\/strong>, [Consultor Econ\u00f3mico]<\/p>\n<p><strong>Gonzalo S\u00e1nchez<\/strong>, <strong>Ph.D.<\/strong>, [CIEC-ESPOL]<\/p>\n<p><strong>John Cajas Guijarro<\/strong>, <strong>Dr.(c)<\/strong>, [Universidad Central del Ecuador]<\/p>\n<p><strong>Jos\u00e9 Gabriel Castillo<\/strong>, <strong>Ph.D.<\/strong>, [FCSH-ESPOL]<\/p>\n<p><strong>Jos\u00e9 Hidalgo<\/strong>, <strong>Ec.<\/strong>, [Cordes]<\/p>\n<p><strong>Juan Francisco Rumbea Pavisic<\/strong>, <strong>M.Sc.<\/strong>, [FCSH-ESPOL]<\/p>\n<p><strong>Juan Jos\u00e9 Salcedo Cruz<\/strong>, <strong>M.Sc.<\/strong>, [Universidad Ecotec]<\/p>\n<p><strong>Juli\u00e1n D\u00edaz<\/strong>, <strong>Ph.D.<\/strong>, [Loyola University Chicago]<\/p>\n<p><strong>Manuel Gonz\u00e1lez-Astudillo<\/strong>, <strong>Ph.D.<\/strong>, [FCSH-ESPOL]<\/p>\n<p><strong>Nicol\u00e1s Acosta<\/strong>, <strong>Ph.D.<\/strong>, [PUCE]<\/p>\n<p><strong>Roberto Mosquera Moyano<\/strong>, <strong>Ph.D.<\/strong>, [UDLA]<\/p>\n<p><strong>Wilson Bastidas<\/strong>, <strong>Ec.<\/strong>, [Humboldt Management]<\/p>\n<p><strong>Xavier Alfredo Villavicencio C\u00f3rdova<\/strong>, <strong>Ph.D.<\/strong>, [Texas A&amp;M University]<\/p>\n<p><span style=\"font-size: 1rem;\"><strong>An\u00f3nimos: <\/strong>2<\/span><\/p>\n<p><span style=\"font-size: 1rem;\"><strong>Expertos: <\/strong>18<\/span><\/p>\n<p>&nbsp;<\/p>\n<p><strong>Participaron en la 1a. Ronda del Segundo Trimestre [2T-1R-2024]:<\/strong><\/p>\n<p><strong>Andrea Villarreal Ojeda<\/strong>, <strong>MPA,<\/strong> [Asobanca]<\/p>\n<p><strong>\u00c1ngel Augusto Maridue\u00f1a Larrea<\/strong>, <strong>M.Sc.<\/strong>, [Universidad de Milagro]<\/p>\n<p><strong>Augusto de la Torre<\/strong>, <strong>Ph.D.<\/strong>, [Columbia University]<\/p>\n<p><strong>Freddy Garc\u00eda<\/strong>, <strong>Ec.<\/strong>, [Consultor Econ\u00f3mico]<\/p>\n<p><strong>Gonzalo S\u00e1nchez<\/strong>, <strong>Ph.D.<\/strong>, [CIEC-ESPOL]<\/p>\n<p><strong>Iv\u00e1n Rivadeneyra<\/strong>, <strong>Ph.D.<\/strong>, [FCSH-ESPOL]<\/p>\n<p><strong>John Cajas Guijarro<\/strong>, <strong>Dr.(c)<\/strong>, [Universidad Central del Ecuador]<\/p>\n<p><strong>Jos\u00e9 Gabriel Castillo<\/strong>, <strong>Ph.D.<\/strong>, [FCSH-ESPOL]<\/p>\n<p><strong>Jos\u00e9 Xavier Orellana Giler<\/strong>, <strong>M.Sc.\/MBA<\/strong>, [AHEAD PARTNERS]<\/p>\n<p><strong>Juan Francisco Rumbea Pavisic<\/strong>, <strong>M.Sc.<\/strong>, [FCSH-ESPOL]<\/p>\n<p><strong>Juan Jos\u00e9 Salcedo Cruz<\/strong>, <strong>M.Sc.<\/strong>, [Universidad Ecotec]<\/p>\n<p><strong>Manuel Gonz\u00e1lez-Astudillo<\/strong>, <strong>Ph.D.<\/strong>, [FCSH-ESPOL]<\/p>\n<p><strong>Nicol\u00e1s Acosta<\/strong>, <strong>Ph.D.<\/strong>, [PUCE]<\/p>\n<p><strong>Segundo Camino-Mogro<\/strong>, <strong>Ph.D.(c)<\/strong>, [Universidad Esp\u00edritu Santo]<\/p>\n<p><strong>Wilson Bastidas<\/strong>, <strong>Ec.<\/strong>, [Humboldt Management]<\/p>\n<p><span style=\"font-size: 1rem;\"><strong>An\u00f3nimos: <\/strong>2<\/span><\/p>\n<p><span style=\"font-size: 1rem;\"><strong>Expertos: <\/strong>17<\/span><\/p>\n<p>&nbsp;<\/p>\n<p><strong>Participaron en la 3a. Ronda del Primer Trimestre [1T-3R-2024]:<\/strong><\/p>\n<p><strong>Andrea Villarreal Ojeda<\/strong>, <strong>MPA,<\/strong> [Asobanca]<\/p>\n<p><strong>\u00c1ngel Augusto Maridue\u00f1a Larrea<\/strong>, <strong>M.Sc.<\/strong>, [Universidad de Milagro]<\/p>\n<p><strong>Christian Proa\u00f1o<\/strong>, <strong>Ph.D.<\/strong>, [Universidad de Bamberg]<\/p>\n<p><strong>Freddy Garc\u00eda<\/strong>, <strong>Ec.<\/strong>, [Consultor Econ\u00f3mico]<\/p>\n<p><strong>Gonzalo S\u00e1nchez<\/strong>, <strong>Ph.D.<\/strong>, [CIEC-ESPOL]<\/p>\n<p><strong>Iv\u00e1n Rivadeneyra<\/strong>, <strong>Ph.D.<\/strong>, [FCSH-ESPOL]<\/p>\n<p><strong>John Cajas Guijarro<\/strong>, <strong>Dr.(c)<\/strong>, [Universidad Central del Ecuador]<\/p>\n<p><strong>Jos\u00e9 Gabriel Castillo<\/strong>, <strong>Ph.D.<\/strong>, [FCSH-ESPOL]<\/p>\n<p><strong>Jos\u00e9 Hidalgo<\/strong>, <strong>Ec.<\/strong>, [Cordes]<\/p>\n<p><strong>Juan Francisco Rumbea Pavisic<\/strong>, <strong>M.Sc.<\/strong>, [FCSH-ESPOL]<\/p>\n<p><strong>Juan Jos\u00e9 Salcedo Cruz<\/strong>, <strong>M.Sc.<\/strong>, [Universidad Ecotec]<\/p>\n<p><strong>Manuel Gonz\u00e1lez-Astudillo<\/strong>, <strong>Ph.D.<\/strong>, [FCSH-ESPOL]<\/p>\n<p><strong>Margarita Andrade<\/strong>, <strong>M.A.<\/strong>, [Asamblea Nacional]<\/p>\n<p><strong>Nicol\u00e1s Acosta<\/strong>, <strong>Ph.D.<\/strong>, [PUCE]<\/p>\n<p><strong>Rodrigo Mendieta Mu\u00f1oz<\/strong>, <strong>Ph.D.<\/strong>, [Universidad de Cuenca]<\/p>\n<p><strong>Segundo Camino-Mogro<\/strong>, <strong>Ph.D.(c)<\/strong>, [Universidad Esp\u00edritu Santo]<\/p>\n<p><strong>Stephan K\u00fcffner<\/strong>, <strong>VWL<\/strong><\/p>\n<p><strong>Wilson Bastidas<\/strong>, <strong>Ec.<\/strong>, [Humboldt Management]<\/p>\n<p><span style=\"font-size: 1rem;\"><strong>An\u00f3nimos: <\/strong>2<\/span><\/p>\n<p><span style=\"font-size: 1rem;\"><strong>Expertos: <\/strong>20<\/span><\/p>\n<p>&nbsp;<\/p>\n<p><strong>Participaron en la 2a. Ronda del Primer Trimestre [1T-2R-2024]:<\/strong><\/p>\n<p><strong>\u00c1ngel Augusto Maridue\u00f1a Larrea<\/strong>, <strong>M.Sc.<\/strong>, [Universidad de Milagro]<\/p>\n<p><strong>Augusto de la Torre<\/strong>, <strong>Ph.D.<\/strong>, [Columbia University]<\/p>\n<p><strong>Christian Proa\u00f1o<\/strong>, <strong>Ph.D.<\/strong>, [Universidad de Bamberg]<\/p>\n<p><strong>Freddy Garc\u00eda<\/strong>, <strong>Ec.<\/strong>, [Consultor Econ\u00f3mico]<\/p>\n<p><strong>Gonzalo S\u00e1nchez<\/strong>, <strong>Ph.D.<\/strong>, [CIEC-ESPOL]<\/p>\n<p><strong>John Cajas Guijarro<\/strong>, <strong>Dr.(c)<\/strong>, [Universidad Central del Ecuador]<\/p>\n<p><strong>Jos\u00e9 Gabriel Castillo<\/strong>, <strong>Ph.D.<\/strong>, [FCSH-ESPOL]<\/p>\n<p><strong>Juan Francisco Rumbea Pavisic<\/strong>, <strong>M.Sc.<\/strong>, [FCSH-ESPOL]<\/p>\n<p><strong>Juan Jos\u00e9 Salcedo Cruz<\/strong>, <strong>M.Sc.<\/strong>, [Universidad Ecotec]<\/p>\n<p><strong>Margarita Andrade<\/strong>, <strong>M.A.<\/strong>, [Asamblea Nacional]<\/p>\n<p><strong>Nicol\u00e1s Acosta<\/strong>, <strong>Ph.D.<\/strong>, [PUCE]<\/p>\n<p><strong>Rodrigo Mendieta Mu\u00f1oz<\/strong>, <strong>Ph.D.<\/strong>, [Universidad de Cuenca]<\/p>\n<p><strong>Wilson Bastidas<\/strong>, <strong>Ec.<\/strong>, [Humboldt Management]<\/p>\n<p><span style=\"font-size: 1rem;\"><strong>An\u00f3nimos: <\/strong>2<\/span><\/p>\n<p><span style=\"font-size: 1rem;\"><strong>Expertos: <\/strong>15<\/span><\/p>\n<p>&nbsp;<\/p>\n<p><strong>Participaron en la 1a. Ronda del Primer Trimestre [1T-1R-2024]:<\/strong><\/p>\n<p><strong>Andrea Villarreal Ojeda<\/strong>, <strong>MPA,<\/strong> [Asobanca]<\/p>\n<p><strong>\u00c1ngel Augusto Maridue\u00f1a Larrea<\/strong>, <strong>M.Sc.<\/strong>, [Universidad de Milagro]<\/p>\n<p><strong>Augusto de la Torre<\/strong>, <strong>Ph.D.<\/strong>, [Columbia University]<\/p>\n<p><strong>Freddy Garc\u00eda<\/strong>, <strong>Ec.<\/strong>, [Consultor Econ\u00f3mico]<\/p>\n<p><strong>Gonzalo S\u00e1nchez<\/strong>, <strong>Ph.D.<\/strong>, [CIEC-ESPOL]<\/p>\n<p><strong>Iv\u00e1n Rivadeneyra<\/strong>, <strong>Ph.D.<\/strong>, [FCSH-ESPOL]<\/p>\n<p><strong>John Cajas Guijarro<\/strong>, <strong>Dr.(c)<\/strong>, [Universidad Central del Ecuador]<\/p>\n<p><strong>Jos\u00e9 Gabriel Castillo<\/strong>, <strong>Ph.D.<\/strong>, [FCSH-ESPOL]<\/p>\n<p><strong>Juan Francisco Rumbea Pavisic<\/strong>, <strong>M.Sc.<\/strong>, [FCSH-ESPOL]<\/p>\n<p><strong>Juan Jos\u00e9 Salcedo Cruz<\/strong>, <strong>M.Sc.<\/strong>, [Universidad Ecotec]<\/p>\n<p><strong>Luis P\u00e1ez<\/strong>, <strong>M.Sc.<\/strong>, [Universidad Paris X]<\/p>\n<p><strong>Margarita Andrade<\/strong>, <strong>M.A.<\/strong>, [Asamblea Nacional]<\/p>\n<p><strong>Nicol\u00e1s Acosta<\/strong>, <strong>Ph.D.<\/strong>, [PUCE]<\/p>\n<p><strong>Roberto Mosquera Moyano<\/strong>, <strong>Ph.D.<\/strong>, [UDLA]<\/p>\n<p><strong>Rodrigo Mendieta Mu\u00f1oz<\/strong>, <strong>Ph.D.<\/strong>, [Universidad de Cuenca]<\/p>\n<p><strong>Segundo Camino-Mogro<\/strong>, <strong>Ph.D.(c)<\/strong>, [Universidad Esp\u00edritu Santo]<\/p>\n<p><strong>Wilson Bastidas<\/strong>, <strong>Ec.<\/strong>, [Humboldt Management]<\/p>\n<p><span style=\"font-size: 1rem;\"><strong>An\u00f3nimos: <\/strong>2<\/span><\/p>\n<p><span style=\"font-size: 1rem;\"><strong>Expertos: <\/strong>19<\/span><\/p>\n<p>&nbsp;<\/p>\n","protected":false},"excerpt":{"rendered":"<p>Participaron en la 3a. Ronda del Cuarto Trimestre [4T-3R-2024]: Freddy Garc\u00eda, M.Sc., [Andersen] Gonzalo S\u00e1nchez, Ph.D., [CIEC-ESPOL] Iv\u00e1n Rivadeneyra, Ph.D., [FCSH-ESPOL] John Cajas Guijarro, Dr.(c), [Universidad Central del Ecuador] Jos\u00e9 Gabriel Castillo, Ph.D., [FCSH-ESPOL] Juan Francisco Rumbea Pavisic, M.Sc., [FCSH-ESPOL] Juan Javier Jarr\u00edn Santos, Ec., [Inteligencia Empresarial] Juan Jos\u00e9 Salcedo Cruz, M.Sc., [Universidad Ecotec] Luis &hellip; <\/p>\n<p class=\"link-more\"><a href=\"https:\/\/www.expertoseconomia.org\/es\/expertos-economia-2024\/\" class=\"more-link\">Continuar leyendo<span class=\"screen-reader-text\"> \u00abExpertos 2024\u00bb<\/span><\/a><\/p>\n","protected":false},"author":2,"featured_media":0,"parent":0,"menu_order":0,"comment_status":"closed","ping_status":"closed","template":"","meta":{"footnotes":""},"_links":{"self":[{"href":"https:\/\/www.expertoseconomia.org\/es\/wp-json\/wp\/v2\/pages\/1168"}],"collection":[{"href":"https:\/\/www.expertoseconomia.org\/es\/wp-json\/wp\/v2\/pages"}],"about":[{"href":"https:\/\/www.expertoseconomia.org\/es\/wp-json\/wp\/v2\/types\/page"}],"author":[{"embeddable":true,"href":"https:\/\/www.expertoseconomia.org\/es\/wp-json\/wp\/v2\/users\/2"}],"replies":[{"embeddable":true,"href":"https:\/\/www.expertoseconomia.org\/es\/wp-json\/wp\/v2\/comments?post=1168"}],"version-history":[{"count":20,"href":"https:\/\/www.expertoseconomia.org\/es\/wp-json\/wp\/v2\/pages\/1168\/revisions"}],"predecessor-version":[{"id":1251,"href":"https:\/\/www.expertoseconomia.org\/es\/wp-json\/wp\/v2\/pages\/1168\/revisions\/1251"}],"wp:attachment":[{"href":"https:\/\/www.expertoseconomia.org\/es\/wp-json\/wp\/v2\/media?parent=1168"}],"curies":[{"name":"wp","href":"https:\/\/api.w.org\/{rel}","templated":true}]}}