{"id":1086,"date":"2023-11-07T23:08:59","date_gmt":"2023-11-07T23:08:59","guid":{"rendered":"http:\/\/www.expertoseconomia.org\/es\/?page_id=1086"},"modified":"2023-11-07T23:08:59","modified_gmt":"2023-11-07T23:08:59","slug":"expertos-economia-2021","status":"publish","type":"page","link":"https:\/\/www.expertoseconomia.org\/es\/expertos-economia-2021\/","title":{"rendered":"Expertos 2021"},"content":{"rendered":"<p><strong>Participaron en la 3ra. Ronda del Cuarto Trimestre [4T-3R-2021]:<\/strong><\/p>\n<p><strong>\u00c1ngel Augusto Maridue\u00f1a Larrea<\/strong>, <strong>M.Sc.<\/strong>, [Universidad de Milagro]<\/p>\n<p><strong>Christian Proa\u00f1o<\/strong>, <strong>Ph.D.<\/strong>, [Universidad de Bamberg]<\/p>\n<p><strong>Freddy Garc\u00eda<\/strong>, <strong>Ec.<\/strong>, [Inteligencia Empresarial]<\/p>\n<p><strong>Gonzalo S\u00e1nchez<\/strong>, <strong>Ph.D.<\/strong>, [CIEC-ESPOL]<\/p>\n<p><strong>Iv\u00e1n Rivadeneyra<\/strong>, <strong>M.Sc.<\/strong>, [FCSH-ESPOL]<\/p>\n<p><strong>Jos\u00e9 Hidalgo<\/strong>, <strong>Ec.<\/strong>, [CORDES]<\/p>\n<p><strong>Juan Carlos J\u00e1come<\/strong>, <strong>M.Sc.<\/strong>, [EMS Consultores]<\/p>\n<p><strong>Juan Francisco Rumbea Pavisic<\/strong>, <strong>M.Sc.<\/strong>, [FCSH-ESPOL]<\/p>\n<p><strong>Juan Jos\u00e9 Salcedo Cruz<\/strong>, <strong>M.Sc.<\/strong>, [Universidad Ecotec]<\/p>\n<p><strong>Juli\u00e1n D\u00edaz<\/strong>, <strong>Ph.D.<\/strong>, [Loyola University Chicago]<\/p>\n<p><strong>Luis P\u00e1ez<\/strong>, <strong>M.Sc.<\/strong><\/p>\n<p><strong>Manuel Gonz\u00e1lez-Astudillo<\/strong>, <strong>Ph.D. <\/strong>[FCSH-ESPOL]<\/p>\n<p><strong>Pablo Guerr\u00f3n<\/strong>, <strong>Ph.D.<\/strong>, [Boston College]<\/p>\n<p><strong>Pablo Lucio-Paredes<\/strong>, <strong>Ph.D.<\/strong>, [USFQ]<\/p>\n<p><strong>Roberto Mosquera Moyano<\/strong>, <strong>Ph.D.<\/strong>, [UDLA]<\/p>\n<p><strong>Rodrigo Mendieta Mu\u00f1oz<\/strong>, <strong>Ph.D.<\/strong>, [Universidad de Cuenca]<\/p>\n<p><strong>Segundo Camino-Mogro<\/strong>, <strong>Ph.D.(c)<\/strong>, [Universidad Esp\u00edritu Santo]<\/p>\n<p><strong>Sindy Men\u00e9ndez<\/strong>, <strong>M.Sc.<\/strong>, [Universidad Ecotec]<\/p>\n<p><strong>Stephan K\u00fcffner<\/strong>, <strong>VWL<\/strong><\/p>\n<p><strong>Wilson Bastidas<\/strong>, <strong>Ec.<\/strong>, [Humboldt Management]<\/p>\n<p><strong>Xavier Alfredo Villavicencio C\u00f3rdova<\/strong>, <strong>Ph.D.<\/strong>,[ESPAE-ESPOL].<\/p>\n<p><span style=\"font-size: 1rem;\"><strong>An\u00f3nimos: <\/strong>2<\/span><\/p>\n<p><span style=\"font-size: 1rem;\"><strong>Expertos: <\/strong> 25<\/span><\/p>\n<p>&nbsp;<\/p>\n<p><strong>Participaron en la 2da. Ronda del Cuarto Trimestre [4T-2R-2021]:<\/strong><\/p>\n<p><strong>\u00c1ngel Augusto Maridue\u00f1a Larrea<\/strong>, <strong>M.Sc.<\/strong>, [Universidad de Milagro]<\/p>\n<p><strong>Augusto de la Torre<\/strong>, <strong>Ph.D.<\/strong>, [Columbia University]<\/p>\n<p><strong>Freddy Garc\u00eda<\/strong>, <strong>Ec.<\/strong>, [Inteligencia Empresarial]<\/p>\n<p><strong>Gonzalo S\u00e1nchez<\/strong>, <strong>Ph.D.<\/strong>, [CIEC-ESPOL]<\/p>\n<p><strong>Iv\u00e1n Rivadeneyra<\/strong>, <strong>M.Sc.<\/strong>, [FCSH-ESPOL]<\/p>\n<p><strong>Jos\u00e9 Hidalgo<\/strong>, <strong>Ec.<\/strong>, [CORDES]<\/p>\n<p><strong>Juan Carlos J\u00e1come<\/strong>, <strong>M.Sc.<\/strong>, [EMS Consultores]<\/p>\n<p><strong>Juan Francisco Rumbea Pavisic<\/strong>, <strong>M.Sc.<\/strong>, [FCSH-ESPOL]<\/p>\n<p><strong>Juan Jos\u00e9 Salcedo Cruz<\/strong>, <strong>M.Sc.<\/strong>, [Universidad Ecotec]<\/p>\n<p><strong>Luis P\u00e1ez<\/strong>, <strong>M.Sc.<\/strong><\/p>\n<p><strong>Manuel Gonz\u00e1lez-Astudillo<\/strong>, <strong>Ph.D. <\/strong>[FCSH-ESPOL]<\/p>\n<p><strong>Nicol\u00e1s Acosta<\/strong>, <strong>Ph.D <\/strong>, [PUCE]<\/p>\n<p><strong>Pablo Guerr\u00f3n<\/strong>, <strong>Ph.D.<\/strong>, [Boston College]<\/p>\n<p><strong>Pablo Lucio-Paredes<\/strong>, <strong>Ph.D.<\/strong>, [USFQ]<\/p>\n<p><strong>Roberto Mosquera Moyano<\/strong>, <strong>Ph.D.<\/strong>, [UDLA]<\/p>\n<p><strong>Rodrigo Mendieta Mu\u00f1oz<\/strong>, <strong>Ph.D.<\/strong>, [Universidad de Cuenca]<\/p>\n<p><strong>Segundo Camino-Mogro<\/strong>, <strong>Ph.D.(c)<\/strong>, [Universidad Esp\u00edritu Santo]<\/p>\n<p><strong>Stephan K\u00fcffner<\/strong>, <strong>VWL<\/strong><\/p>\n<p><strong>Wilson Bastidas<\/strong>, <strong>Ec.<\/strong>, [Humboldt Management]<\/p>\n<p><strong>Xavier Alfredo Villavicencio C\u00f3rdova<\/strong>, <strong>Ph.D.<\/strong>,[ESPAE-ESPOL].<\/p>\n<p><span style=\"font-size: 1rem;\"><strong>An\u00f3nimos: <\/strong>1<\/span><\/p>\n<p><span style=\"font-size: 1rem;\"><strong>Expertos: <\/strong> 21<\/span><\/p>\n<p>&nbsp;<\/p>\n<p><strong>Participaron en la 1ra. Ronda del Cuarto Trimestre [4T-1R-2021]:<\/strong><\/p>\n<p><strong><br \/>\nAndrea Villarreal Ojeda<\/strong>, <strong>MPA, <\/strong>[Asobanca]<\/p>\n<p><strong>\u00c1ngel Augusto Maridue\u00f1a Larrea<\/strong>, <strong>M.Sc., <\/strong>[Universidad de Milagro]<\/p>\n<p><strong>Augusto de la Torre<\/strong>, <strong>Ph.D., <\/strong>[Columbia University]<\/p>\n<p><span style=\"font-size: 1rem;\"><strong>Christian Proa\u00f1o, Ph.D.,<\/strong> [University of Bamberg]<br \/>\n<\/span><strong><br \/>\nFreddy Garc\u00eda, Ec., <\/strong>[Inteligencia Empresarial]<br \/>\n<strong><br \/>\nFreddy Llerena, Ph.D, <\/strong>[Econ\u00f3mica CIC]<br \/>\n<strong><br \/>\nIv\u00e1n Rivadeneyra<\/strong>, <strong>M.Sc.,<\/strong> [FCSH-ESPOL]<br \/>\n<strong><br \/>\nJos\u00e9 Hidalgo, Ec., <\/strong>[CORDES]<br \/>\n<strong style=\"font-size: 1rem;\"><br \/>\nJuan Francisco Rumbea Pavisic, M.Sc.,<\/strong> [FCSH-ESPOL]<br \/>\n<strong><br \/>\nJuan Jos\u00e9 Salcedo Cruz<\/strong>, <strong>M.Sc.,<\/strong> [Universidad Ecotec]<br \/>\n<strong><br \/>\nJuli\u00e1n D\u00edaz, Ph.D.<\/strong> [Loyola University Chicago]<br \/>\n<strong><br \/>\nLuis P\u00e1ez, M.Sc<\/strong>;<\/p>\n<p><strong>Manuel Gonz\u00e1lez-Astudillo, Ph.D. <\/strong>[FCSH-ESPOL]<\/p>\n<p><strong>Pablo Guerr\u00f3n, Ph.D., <\/strong>[Boston College]<br \/>\n<strong><br \/>\nCarlos Uribe, Ph.D., <\/strong>[USFQ]<br \/>\n<strong><br \/>\nRoberto Mosquera Moyano<\/strong>, <strong>Ph.D.,<\/strong> [UDLA]<br \/>\n<strong style=\"font-size: 1rem;\"><br \/>\nRodrigo Mendieta Mu\u00f1oz, Ph.D.,<\/strong><span style=\"font-size: 1rem;\"> [Universidad de Cuenca]<br \/>\n<strong><br \/>\nSegundo Camino-Mogro, Ph.D.(c), <\/strong>[Universidad Esp\u00edritu Santo]<br \/>\n<strong><br \/>\nStephan K\u00fcffner, VWL<\/strong>; <strong>Wilson Bastidas, Ec., <\/strong>[Humboldt Management]<br \/>\n<\/span><span style=\"font-size: 1rem;\"><br \/>\n<strong>Xavier Alfredo Villavicencio C\u00f3rdova, Ph.D.,<\/strong>[ESPAE-ESPOL].<\/span><\/p>\n<p><span style=\"font-size: 1rem;\"><strong>An\u00f3nimos: <\/strong>2<\/span><\/p>\n<p><span style=\"font-size: 1rem;\"><strong>Expertos: <\/strong> 24<\/span><\/p>\n<p>&nbsp;<\/p>\n","protected":false},"excerpt":{"rendered":"<p>Participaron en la 3ra. Ronda del Cuarto Trimestre [4T-3R-2021]: \u00c1ngel Augusto Maridue\u00f1a Larrea, M.Sc., [Universidad de Milagro] Christian Proa\u00f1o, Ph.D., [Universidad de Bamberg] Freddy Garc\u00eda, Ec., [Inteligencia Empresarial] Gonzalo S\u00e1nchez, Ph.D., [CIEC-ESPOL] Iv\u00e1n Rivadeneyra, M.Sc., [FCSH-ESPOL] Jos\u00e9 Hidalgo, Ec., [CORDES] Juan Carlos J\u00e1come, M.Sc., [EMS Consultores] Juan Francisco Rumbea Pavisic, M.Sc., [FCSH-ESPOL] Juan Jos\u00e9 Salcedo &hellip; <\/p>\n<p class=\"link-more\"><a href=\"https:\/\/www.expertoseconomia.org\/es\/expertos-economia-2021\/\" class=\"more-link\">Continuar leyendo<span class=\"screen-reader-text\"> \u00abExpertos 2021\u00bb<\/span><\/a><\/p>\n","protected":false},"author":1,"featured_media":0,"parent":0,"menu_order":0,"comment_status":"closed","ping_status":"closed","template":"","meta":{"footnotes":""},"_links":{"self":[{"href":"https:\/\/www.expertoseconomia.org\/es\/wp-json\/wp\/v2\/pages\/1086"}],"collection":[{"href":"https:\/\/www.expertoseconomia.org\/es\/wp-json\/wp\/v2\/pages"}],"about":[{"href":"https:\/\/www.expertoseconomia.org\/es\/wp-json\/wp\/v2\/types\/page"}],"author":[{"embeddable":true,"href":"https:\/\/www.expertoseconomia.org\/es\/wp-json\/wp\/v2\/users\/1"}],"replies":[{"embeddable":true,"href":"https:\/\/www.expertoseconomia.org\/es\/wp-json\/wp\/v2\/comments?post=1086"}],"version-history":[{"count":1,"href":"https:\/\/www.expertoseconomia.org\/es\/wp-json\/wp\/v2\/pages\/1086\/revisions"}],"predecessor-version":[{"id":1087,"href":"https:\/\/www.expertoseconomia.org\/es\/wp-json\/wp\/v2\/pages\/1086\/revisions\/1087"}],"wp:attachment":[{"href":"https:\/\/www.expertoseconomia.org\/es\/wp-json\/wp\/v2\/media?parent=1086"}],"curies":[{"name":"wp","href":"https:\/\/api.w.org\/{rel}","templated":true}]}}